{"id":119,"date":"2015-12-09T12:27:18","date_gmt":"2015-12-09T10:27:18","guid":{"rendered":"http:\/\/motivation.ro\/en\/?page_id=119"},"modified":"2016-02-23T15:06:27","modified_gmt":"2016-02-23T13:06:27","slug":"wheelchair-basketball-exhibition-match","status":"publish","type":"page","link":"https:\/\/motivation.ro\/en\/programmes\/active-rehabilitation-independent-living\/the-mobility-caravan\/wheelchair-basketball-exhibition-match\/","title":{"rendered":"Wheelchair basketball exhibition match"},"content":{"rendered":"<style type=\"text\/css\"><\/style><h2><\/h2>\n<p><strong>Voluntarii Vodafone au acceptat provocarea\u00a0 &#8211; au jucat baschet \u00een scaun rulant al\u0103turi de sportivii cu dizabilit\u0103<\/strong><strong>\u021b<\/strong><strong>i locomotorii de la Funda<\/strong><strong>\u021b<\/strong><strong>ia Motivation Rom\u00e2nia<\/strong><\/p>\n<ul>\n<li><strong>20 de iubitori ai sportului &#8211; persoane cu dizabilit\u0103\u0163i locomotorii \u0219i angaja\u0163i Vodafone au driblat, au aruncat la co\u0219 \u0219i au marcat st\u00e2nd \u00een scaune rulante<\/strong><\/li>\n<\/ul>\n<p>&nbsp;<\/p>\n<p><strong>Bucure\u015fti, 10 octombrie<\/strong> \u2013 Funda\u0163ia Motivation Rom\u00e2nia, \u00eempreun\u0103 cu Funda\u0163ia Vodafone Rom\u00e2nia, au organizat \u00a0joi, 9 octombrie, un eveniment sportiv inedit: persoane cu \u0219i f\u0103r\u0103 dizabilit\u0103\u021bi, sportivi \u00een scaun rulant \u0219i angaja\u021bi Vodafone au acceptat provocarea de a juca baschet \u00een scaun rulant. Meciurile au reunit, pe teren, peste 20 de iubitori ai sportului.<\/p>\n<p><img fetchpriority=\"high\" decoding=\"async\" class=\"alignleft\" src=\"http:\/\/www.motivation.ro\/en\/uploads\/images\/Stiri%20si%20evenimente\/10702128_776884339020304_6692183634537016566_n.jpg\" alt=\"\" width=\"300\" height=\"451\" \/>Evenimentul a avut rolul de a demonstra c\u0103 to\u021bi oamenii \u00ee\u0219i pot dep\u0103\u0219i limitele prin sport: persoanele cu dizabilit\u0103\u021bi dep\u0103\u0219esc barierele fizice, iar persoanele f\u0103r\u0103 dizabilit\u0103\u021bi trec peste ideile preconcepute \u0219i se las\u0103 prinse \u00eentr-un joc ce le antreneaz\u0103 energia \u0219i determinarea. La intrecere au participat patru echipe, formate din persoane cu \u0219i f\u0103r\u0103 dizabilit\u0103\u021bi. Formarea de echipe mixte este un argument pentru promovarea egalit\u0103\u021bii de\u00a0\u0219anse\u00a0\u0219i a abilit\u0103\u021bilor persoanelor cu dizabilit\u0103\u021bi.<\/p>\n<p><em>\u201dEvenimentul de ast\u0103zi nu este unul singular. Echipele noastre din \u021bar\u0103 fac periodic demonstra\u021bii ale abilit\u0103\u021bilor persoanelor cu dizabilit\u0103\u021bi, iar voluntarii Vodafone sunt de ani buni partenerii no\u0219tri \u00een promovarea sportului unificat. Tot anul acesta, am participat \u00eempreun\u0103 la a cincea edi\u021bie a evenimentului de \u00eenot Motivation-Vodafone. Prin meciurile de astazi, am diversificat, a\u0219adar, aria competi\u021bional\u0103 \u0219i am trecut la un alt sport. Le mul\u021bumim prietenilor de la Vodafone c\u0103 ne-au acceptat provocarea \u0219i c\u0103 ne sus\u021bin!\u201d <\/em>a declarat <strong>Cristian Ispas<\/strong>, Director General al Funda\u0163iei Motivation Rom\u00e2nia.<\/p>\n<p><em>\u201eA devenit deja o tradi\u021bie pentru noi s\u0103 sus\u021binem sportul pentru persoane cu dizabilit\u0103\u021bi \u0219i s\u0103 ne implic\u0103m direct \u00een competi\u021bii al\u0103turi de aceste persoane. Am \u00eenceput acum 5 ani cu competi\u021bii de \u00eenot \u0219i anul acesta ne bucur\u0103m c\u0103 voluntarii Vodafone au acceptat provocarea de a juca baschet \u00een scaun rulant. \u00cemp\u0103rt\u0103\u0219im astfel pasiunea pentru sport \u0219i continu\u0103m s\u0103 sus\u021binem integrarea social\u0103 a persoanelor cu dizabilit\u0103\u021bi \u00een societate\u201d, a spus <strong>Angela Gale\u021ba,<\/strong> Director Funda\u021bia Vodafone Rom\u00e2nia.<\/em><\/p>\n<p>Evenimentul sportiv a avut loc \u00een cadrul proiectului \u201dCaravana Mobilit\u0103\u021bii\u201d, derulat anul acesta de Funda\u021bia Motivation Rom\u00e2nia, cu sprijin financiar de la Funda\u021bia Vodafone Rom\u00e2nia. Investi\u021bia Funda\u021biei Vodafone Romania \u00een acest proiect desf\u0103\u0219urat \u00een anul 2014-2015 este de 38.000 de euro, iar valoarea proiectului se ridic\u0103 la 60.200 de euro, diferen\u021ba fiind acoperit\u0103 de Funda\u021bia Motivation Rom\u00e2nia.<\/p>\n<p><img decoding=\"async\" class=\"alignright\" src=\"http:\/\/www.motivation.ro\/en\/uploads\/images\/Stiri%20si%20evenimente\/10480218_776885485686856_155570041856588863_n.jpg\" alt=\"\" width=\"700\" height=\"345\" \/><\/p>\n<p>Funda\u0163ia Vodafone Rom\u00e2nia sus\u0163ine Funda\u0163ia Motivation Rom\u00e2nia de 13 ani pentru donarea de scaune rulante copiilor cu dizabilit\u0103\u0163i din \u00eentreaga \u0163ar\u0103 \u015fi pentru dezvoltarea oportunit\u0103\u0163ilor de terapie ocupa\u0163ional\u0103 pentru tineri cu dizabilit\u0103\u0163i severe dezinstitu\u0163ionaliza\u0163i \u00een casele de tip familial Motivation.<\/p>\n<p>***<\/p>\n<p><strong>Funda\u0163ia Vodafone Rom\u00e2nia<\/strong> este o organiza\u0163ie non-guvernamental\u0103 rom\u00e2neasc\u0103 cu statut caritabil, distinct\u0103 de opera\u0163iunile comerciale ale companiei, \u00eenfiin\u0163at\u0103 in 1998. \u00cen cei 16 ani de activitate, Funda\u0163ia Vodafone Rom\u00e2nia a finan\u0163at peste 768 de programe \u00een beneficiul copiilor, b\u0103tr\u00e2nilor, persoanelor defavorizate \u015fi tinerilor cu dizabilit\u0103\u0163i intelectuale sau locomotorii. P\u00e2n\u0103 \u00een prezent, Funda\u0163ia Vodafone a investit 17 milioane Euro \u00een proiecte desf\u0103\u015furate de organiza\u0163iile non profit partenere. Mai multe detalii despre programele Funda\u0163iei se reg\u0103sesc pe <a href=\"http:\/\/www.fundatia-vodafone.ro\/\">www.fundatia-vodafone.ro<\/a>, <a href=\"http:\/\/www.facebook.com\/fundatiavodafone\">www.facebook.com\/fundatiavodafone<\/a>, <a href=\"http:\/\/fundatiavodafone-blog.ro\/\">http:\/\/fundatiavodafone-blog.ro<\/a>.<\/p>\n<p><strong>Funda\u021bia Motivation<\/strong> <strong>Rom\u00e2nia<\/strong> este o organiza\u021bie neguvernamental\u0103, nonprofit, creat\u0103 \u00een 1995 pentru a veni \u00een sprijinul copiilor \u0219i adul\u021bilor cu dizabilit\u0103\u021bi. Serviciile pe care le ofer\u0103 acoper\u0103 o gama larg\u0103 de nevoi, de la evaluare \u0219i echipament adaptat pentru diferite tipuri de dizabilit\u0103\u021bi motorii, la recuperare medical\u0103 \u0219i instruire pentru via\u021b\u0103 independent\u0103 al\u0103turi de un instructor \u00een scaun rulant. P\u00e2n\u0103 \u00een prezent, Motivation a redat libertatea de miscare \u0219i speran\u021ba \u00eentr-o via\u021b\u0103 \u00eemplinit\u0103 pentru mai mult de 10.000 de persoane cu dizabilit\u0103\u021bi din Rom\u00e2nia. Mai multe informa\u021bii pe <a href=\"http:\/\/www.motivation.ro\/en\/\">www.motivation.ro\/en<\/a>.<\/p>\n<p><a href=\"https:\/\/www.facebook.com\/media\/set\/?set=a.776883915687013.1073741852.404109952964413&amp;type=3\" target=\"_blank\">Mai multe fotografii<\/a><\/p>\n","protected":false},"excerpt":{"rendered":"<p>Voluntarii Vodafone au acceptat provocarea\u00a0 &#8211; au jucat baschet \u00een scaun rulant al\u0103turi de sportivii cu dizabilit\u0103\u021bi locomotorii de la Funda\u021bia Motivation Rom\u00e2nia 20 de iubitori ai sportului &#8211; persoane cu dizabilit\u0103\u0163i locomotorii \u0219i angaja\u0163i Vodafone au driblat, au aruncat la co\u0219 \u0219i au marcat st\u00e2nd \u00een scaune rulante &nbsp; Bucure\u015fti, 10 octombrie \u2013 Funda\u0163ia&#8230;<\/p>\n","protected":false},"author":1,"featured_media":0,"parent":103,"menu_order":0,"comment_status":"closed","ping_status":"closed","template":"","meta":{"footnotes":""},"class_list":["post-119","page","type-page","status-publish","hentry"],"yoast_head":"<!-- This site is optimized with the Yoast SEO plugin v27.1.1 - https:\/\/yoast.com\/product\/yoast-seo-wordpress\/ -->\n<title>Wheelchair basketball exhibition match - Motivation Romania NGO<\/title>\n<meta name=\"robots\" content=\"index, follow, max-snippet:-1, max-image-preview:large, max-video-preview:-1\" \/>\n<link rel=\"canonical\" href=\"https:\/\/motivation.ro\/en\/programmes\/active-rehabilitation-independent-living\/the-mobility-caravan\/wheelchair-basketball-exhibition-match\/\" \/>\n<meta property=\"og:locale\" content=\"en_US\" \/>\n<meta property=\"og:type\" content=\"article\" \/>\n<meta property=\"og:title\" content=\"Wheelchair basketball exhibition match - Motivation Romania NGO\" \/>\n<meta property=\"og:description\" content=\"Voluntarii Vodafone au acceptat provocarea\u00a0 &#8211; au jucat baschet \u00een scaun rulant al\u0103turi de sportivii cu dizabilit\u0103\u021bi locomotorii de la Funda\u021bia Motivation Rom\u00e2nia 20 de iubitori ai sportului &#8211; persoane cu dizabilit\u0103\u0163i locomotorii \u0219i angaja\u0163i Vodafone au driblat, au aruncat la co\u0219 \u0219i au marcat st\u00e2nd \u00een scaune rulante &nbsp; Bucure\u015fti, 10 octombrie \u2013 Funda\u0163ia...\" \/>\n<meta property=\"og:url\" content=\"https:\/\/motivation.ro\/en\/programmes\/active-rehabilitation-independent-living\/the-mobility-caravan\/wheelchair-basketball-exhibition-match\/\" \/>\n<meta property=\"og:site_name\" content=\"Motivation Romania NGO\" \/>\n<meta property=\"article:publisher\" content=\"https:\/\/www.facebook.com\/FundatiaMotivationRomania\" \/>\n<meta property=\"article:modified_time\" content=\"2016-02-23T13:06:27+00:00\" \/>\n<meta property=\"og:image\" content=\"http:\/\/www.motivation.ro\/en\/uploads\/images\/Stiri%20si%20evenimente\/10702128_776884339020304_6692183634537016566_n.jpg\" \/>\n<meta name=\"twitter:card\" content=\"summary_large_image\" \/>\n<meta name=\"twitter:label1\" content=\"Est. reading time\" \/>\n\t<meta name=\"twitter:data1\" content=\"4 minutes\" \/>\n<script type=\"application\/ld+json\" class=\"yoast-schema-graph\">{\"@context\":\"https:\/\/schema.org\",\"@graph\":[{\"@type\":\"WebPage\",\"@id\":\"https:\/\/motivation.ro\/en\/programmes\/active-rehabilitation-independent-living\/the-mobility-caravan\/wheelchair-basketball-exhibition-match\/\",\"url\":\"https:\/\/motivation.ro\/en\/programmes\/active-rehabilitation-independent-living\/the-mobility-caravan\/wheelchair-basketball-exhibition-match\/\",\"name\":\"Wheelchair basketball exhibition match - Motivation Romania NGO\",\"isPartOf\":{\"@id\":\"https:\/\/motivation.ro\/en\/#website\"},\"primaryImageOfPage\":{\"@id\":\"https:\/\/motivation.ro\/en\/programmes\/active-rehabilitation-independent-living\/the-mobility-caravan\/wheelchair-basketball-exhibition-match\/#primaryimage\"},\"image\":{\"@id\":\"https:\/\/motivation.ro\/en\/programmes\/active-rehabilitation-independent-living\/the-mobility-caravan\/wheelchair-basketball-exhibition-match\/#primaryimage\"},\"thumbnailUrl\":\"http:\/\/www.motivation.ro\/en\/uploads\/images\/Stiri%20si%20evenimente\/10702128_776884339020304_6692183634537016566_n.jpg\",\"datePublished\":\"2015-12-09T10:27:18+00:00\",\"dateModified\":\"2016-02-23T13:06:27+00:00\",\"breadcrumb\":{\"@id\":\"https:\/\/motivation.ro\/en\/programmes\/active-rehabilitation-independent-living\/the-mobility-caravan\/wheelchair-basketball-exhibition-match\/#breadcrumb\"},\"inLanguage\":\"en-US\",\"potentialAction\":[{\"@type\":\"ReadAction\",\"target\":[\"https:\/\/motivation.ro\/en\/programmes\/active-rehabilitation-independent-living\/the-mobility-caravan\/wheelchair-basketball-exhibition-match\/\"]}]},{\"@type\":\"ImageObject\",\"inLanguage\":\"en-US\",\"@id\":\"https:\/\/motivation.ro\/en\/programmes\/active-rehabilitation-independent-living\/the-mobility-caravan\/wheelchair-basketball-exhibition-match\/#primaryimage\",\"url\":\"http:\/\/www.motivation.ro\/en\/uploads\/images\/Stiri%20si%20evenimente\/10702128_776884339020304_6692183634537016566_n.jpg\",\"contentUrl\":\"http:\/\/www.motivation.ro\/en\/uploads\/images\/Stiri%20si%20evenimente\/10702128_776884339020304_6692183634537016566_n.jpg\"},{\"@type\":\"BreadcrumbList\",\"@id\":\"https:\/\/motivation.ro\/en\/programmes\/active-rehabilitation-independent-living\/the-mobility-caravan\/wheelchair-basketball-exhibition-match\/#breadcrumb\",\"itemListElement\":[{\"@type\":\"ListItem\",\"position\":1,\"name\":\"Home\",\"item\":\"https:\/\/motivation.ro\/en\/\"},{\"@type\":\"ListItem\",\"position\":2,\"name\":\"Programmes\",\"item\":\"https:\/\/motivation.ro\/en\/programmes\/\"},{\"@type\":\"ListItem\",\"position\":3,\"name\":\"Active Rehabilitation and Independent Living Training\",\"item\":\"https:\/\/motivation.ro\/en\/programmes\/active-rehabilitation-independent-living\/\"},{\"@type\":\"ListItem\",\"position\":4,\"name\":\"The Mobility Caravan\",\"item\":\"https:\/\/motivation.ro\/en\/programmes\/active-rehabilitation-independent-living\/the-mobility-caravan\/\"},{\"@type\":\"ListItem\",\"position\":5,\"name\":\"Wheelchair basketball exhibition match\"}]},{\"@type\":\"WebSite\",\"@id\":\"https:\/\/motivation.ro\/en\/#website\",\"url\":\"https:\/\/motivation.ro\/en\/\",\"name\":\"Motivation Romania NGO\",\"description\":\"FMR\",\"publisher\":{\"@id\":\"https:\/\/motivation.ro\/en\/#organization\"},\"potentialAction\":[{\"@type\":\"SearchAction\",\"target\":{\"@type\":\"EntryPoint\",\"urlTemplate\":\"https:\/\/motivation.ro\/en\/?s={search_term_string}\"},\"query-input\":{\"@type\":\"PropertyValueSpecification\",\"valueRequired\":true,\"valueName\":\"search_term_string\"}}],\"inLanguage\":\"en-US\"},{\"@type\":\"Organization\",\"@id\":\"https:\/\/motivation.ro\/en\/#organization\",\"name\":\"Fundatia Motivation Romania\",\"url\":\"https:\/\/motivation.ro\/en\/\",\"logo\":{\"@type\":\"ImageObject\",\"inLanguage\":\"en-US\",\"@id\":\"https:\/\/motivation.ro\/en\/#\/schema\/logo\/image\/\",\"url\":\"https:\/\/motivation.ro\/en\/wp-content\/uploads\/sites\/10\/2015\/12\/logo_mot_shadow.png\",\"contentUrl\":\"https:\/\/motivation.ro\/en\/wp-content\/uploads\/sites\/10\/2015\/12\/logo_mot_shadow.png\",\"width\":350,\"height\":84,\"caption\":\"Fundatia Motivation Romania\"},\"image\":{\"@id\":\"https:\/\/motivation.ro\/en\/#\/schema\/logo\/image\/\"},\"sameAs\":[\"https:\/\/www.facebook.com\/FundatiaMotivationRomania\"]}]}<\/script>\n<!-- \/ Yoast SEO plugin. -->","yoast_head_json":{"title":"Wheelchair basketball exhibition match - Motivation Romania NGO","robots":{"index":"index","follow":"follow","max-snippet":"max-snippet:-1","max-image-preview":"max-image-preview:large","max-video-preview":"max-video-preview:-1"},"canonical":"https:\/\/motivation.ro\/en\/programmes\/active-rehabilitation-independent-living\/the-mobility-caravan\/wheelchair-basketball-exhibition-match\/","og_locale":"en_US","og_type":"article","og_title":"Wheelchair basketball exhibition match - Motivation Romania NGO","og_description":"Voluntarii Vodafone au acceptat provocarea\u00a0 &#8211; au jucat baschet \u00een scaun rulant al\u0103turi de sportivii cu dizabilit\u0103\u021bi locomotorii de la Funda\u021bia Motivation Rom\u00e2nia 20 de iubitori ai sportului &#8211; persoane cu dizabilit\u0103\u0163i locomotorii \u0219i angaja\u0163i Vodafone au driblat, au aruncat la co\u0219 \u0219i au marcat st\u00e2nd \u00een scaune rulante &nbsp; Bucure\u015fti, 10 octombrie \u2013 Funda\u0163ia...","og_url":"https:\/\/motivation.ro\/en\/programmes\/active-rehabilitation-independent-living\/the-mobility-caravan\/wheelchair-basketball-exhibition-match\/","og_site_name":"Motivation Romania NGO","article_publisher":"https:\/\/www.facebook.com\/FundatiaMotivationRomania","article_modified_time":"2016-02-23T13:06:27+00:00","og_image":[{"url":"http:\/\/www.motivation.ro\/en\/uploads\/images\/Stiri%20si%20evenimente\/10702128_776884339020304_6692183634537016566_n.jpg","type":"","width":"","height":""}],"twitter_card":"summary_large_image","twitter_misc":{"Est. reading time":"4 minutes"},"schema":{"@context":"https:\/\/schema.org","@graph":[{"@type":"WebPage","@id":"https:\/\/motivation.ro\/en\/programmes\/active-rehabilitation-independent-living\/the-mobility-caravan\/wheelchair-basketball-exhibition-match\/","url":"https:\/\/motivation.ro\/en\/programmes\/active-rehabilitation-independent-living\/the-mobility-caravan\/wheelchair-basketball-exhibition-match\/","name":"Wheelchair basketball exhibition match - Motivation Romania NGO","isPartOf":{"@id":"https:\/\/motivation.ro\/en\/#website"},"primaryImageOfPage":{"@id":"https:\/\/motivation.ro\/en\/programmes\/active-rehabilitation-independent-living\/the-mobility-caravan\/wheelchair-basketball-exhibition-match\/#primaryimage"},"image":{"@id":"https:\/\/motivation.ro\/en\/programmes\/active-rehabilitation-independent-living\/the-mobility-caravan\/wheelchair-basketball-exhibition-match\/#primaryimage"},"thumbnailUrl":"http:\/\/www.motivation.ro\/en\/uploads\/images\/Stiri%20si%20evenimente\/10702128_776884339020304_6692183634537016566_n.jpg","datePublished":"2015-12-09T10:27:18+00:00","dateModified":"2016-02-23T13:06:27+00:00","breadcrumb":{"@id":"https:\/\/motivation.ro\/en\/programmes\/active-rehabilitation-independent-living\/the-mobility-caravan\/wheelchair-basketball-exhibition-match\/#breadcrumb"},"inLanguage":"en-US","potentialAction":[{"@type":"ReadAction","target":["https:\/\/motivation.ro\/en\/programmes\/active-rehabilitation-independent-living\/the-mobility-caravan\/wheelchair-basketball-exhibition-match\/"]}]},{"@type":"ImageObject","inLanguage":"en-US","@id":"https:\/\/motivation.ro\/en\/programmes\/active-rehabilitation-independent-living\/the-mobility-caravan\/wheelchair-basketball-exhibition-match\/#primaryimage","url":"http:\/\/www.motivation.ro\/en\/uploads\/images\/Stiri%20si%20evenimente\/10702128_776884339020304_6692183634537016566_n.jpg","contentUrl":"http:\/\/www.motivation.ro\/en\/uploads\/images\/Stiri%20si%20evenimente\/10702128_776884339020304_6692183634537016566_n.jpg"},{"@type":"BreadcrumbList","@id":"https:\/\/motivation.ro\/en\/programmes\/active-rehabilitation-independent-living\/the-mobility-caravan\/wheelchair-basketball-exhibition-match\/#breadcrumb","itemListElement":[{"@type":"ListItem","position":1,"name":"Home","item":"https:\/\/motivation.ro\/en\/"},{"@type":"ListItem","position":2,"name":"Programmes","item":"https:\/\/motivation.ro\/en\/programmes\/"},{"@type":"ListItem","position":3,"name":"Active Rehabilitation and Independent Living Training","item":"https:\/\/motivation.ro\/en\/programmes\/active-rehabilitation-independent-living\/"},{"@type":"ListItem","position":4,"name":"The Mobility Caravan","item":"https:\/\/motivation.ro\/en\/programmes\/active-rehabilitation-independent-living\/the-mobility-caravan\/"},{"@type":"ListItem","position":5,"name":"Wheelchair basketball exhibition match"}]},{"@type":"WebSite","@id":"https:\/\/motivation.ro\/en\/#website","url":"https:\/\/motivation.ro\/en\/","name":"Motivation Romania NGO","description":"FMR","publisher":{"@id":"https:\/\/motivation.ro\/en\/#organization"},"potentialAction":[{"@type":"SearchAction","target":{"@type":"EntryPoint","urlTemplate":"https:\/\/motivation.ro\/en\/?s={search_term_string}"},"query-input":{"@type":"PropertyValueSpecification","valueRequired":true,"valueName":"search_term_string"}}],"inLanguage":"en-US"},{"@type":"Organization","@id":"https:\/\/motivation.ro\/en\/#organization","name":"Fundatia Motivation Romania","url":"https:\/\/motivation.ro\/en\/","logo":{"@type":"ImageObject","inLanguage":"en-US","@id":"https:\/\/motivation.ro\/en\/#\/schema\/logo\/image\/","url":"https:\/\/motivation.ro\/en\/wp-content\/uploads\/sites\/10\/2015\/12\/logo_mot_shadow.png","contentUrl":"https:\/\/motivation.ro\/en\/wp-content\/uploads\/sites\/10\/2015\/12\/logo_mot_shadow.png","width":350,"height":84,"caption":"Fundatia Motivation Romania"},"image":{"@id":"https:\/\/motivation.ro\/en\/#\/schema\/logo\/image\/"},"sameAs":["https:\/\/www.facebook.com\/FundatiaMotivationRomania"]}]}},"_links":{"self":[{"href":"https:\/\/motivation.ro\/en\/wp-json\/wp\/v2\/pages\/119","targetHints":{"allow":["GET"]}}],"collection":[{"href":"https:\/\/motivation.ro\/en\/wp-json\/wp\/v2\/pages"}],"about":[{"href":"https:\/\/motivation.ro\/en\/wp-json\/wp\/v2\/types\/page"}],"author":[{"embeddable":true,"href":"https:\/\/motivation.ro\/en\/wp-json\/wp\/v2\/users\/1"}],"replies":[{"embeddable":true,"href":"https:\/\/motivation.ro\/en\/wp-json\/wp\/v2\/comments?post=119"}],"version-history":[{"count":5,"href":"https:\/\/motivation.ro\/en\/wp-json\/wp\/v2\/pages\/119\/revisions"}],"predecessor-version":[{"id":2408,"href":"https:\/\/motivation.ro\/en\/wp-json\/wp\/v2\/pages\/119\/revisions\/2408"}],"up":[{"embeddable":true,"href":"https:\/\/motivation.ro\/en\/wp-json\/wp\/v2\/pages\/103"}],"wp:attachment":[{"href":"https:\/\/motivation.ro\/en\/wp-json\/wp\/v2\/media?parent=119"}],"curies":[{"name":"wp","href":"https:\/\/api.w.org\/{rel}","templated":true}]}}