{"id":187,"date":"2015-12-09T13:05:41","date_gmt":"2015-12-09T11:05:41","guid":{"rendered":"http:\/\/motivation.ro\/en\/?page_id=187"},"modified":"2016-02-23T15:16:05","modified_gmt":"2016-02-23T13:16:05","slug":"project-partners","status":"publish","type":"page","link":"https:\/\/motivation.ro\/en\/social-economy\/abilities-matter-economically\/project-partners\/","title":{"rendered":"Project partners"},"content":{"rendered":"<style type=\"text\/css\"><\/style><h2><img fetchpriority=\"high\" decoding=\"async\" class=\"aligncenter\" src=\"http:\/\/www.motivation.ro\/en\/uploads\/achizitii\/header_144402.jpg\" alt=\"\" width=\"730\" height=\"159\" \/><\/h2>\n<div>\n<p><a href=\"http:\/\/www.shaw-trust.org.uk\/\" target=\"_blank\">Shaw Trust UK<\/a><\/p>\n<p><a href=\"http:\/\/www.shaw-trust.org.uk\/about-us\/shaw-trust-international\/motivation-romania-and-shaw-trust-abilities-matter-project\/\" target=\"_blank\">Proiectul \u201dAbilit\u0103\u021bile conteaz\u0103 \u0219i economic pe site-ul Shaw Trust &#8211; descriere<\/a><\/p>\n<p><a href=\"http:\/\/www.shaw-trust.org.uk\/media-centre\/news\/motivation-romania-and-shaw-trust-abilities-matter-project\/\" target=\"_blank\">Proiectul \u201dAbilit\u0103\u021bile conteaz\u0103 \u0219i economic pe stite-ul Shaw Trust &#8211; \u0219tiri<br \/>\n<\/a><\/p>\n<\/div>\n<div><a href=\"https:\/\/www.facebook.com\/supernovaneamt\">Asociatia\u00a0Clubul Sportiv Supernova Neamt<\/a>, Neam\u021b<\/div>\n<div><a href=\"https:\/\/www.facebook.com\/sesilfov\">Asoc. Jud. Ilfov Motivation a Sportului pentru Persoane cu Handicap<\/a>, Ilfov<\/div>\n<div><a href=\"https:\/\/www.facebook.com\/pages\/Asocia%C8%9Bia-Club-Sportiv-Ro%C8%9Bile-Astrale\/405497562938280\">Asocia\u021bia Club Sportiv Ro\u021bile Astrale<\/a>, Sibiu<\/div>\n<div><a href=\"https:\/\/www.facebook.com\/Rotileschimbarii\">Asocia\u0163ia Club Sportiv Ro\u0163ile Schimb\u0103rii<\/a>, Prahova<\/div>\n<div><a href=\"https:\/\/www.facebook.com\/acsfiiindependent\">Asociatia Club Sportiv Fii Independent<\/a>, Bra\u0219ov<\/div>\n<div><a href=\"https:\/\/www.facebook.com\/pages\/CS-Leii-Timisoarei\/572457449521349\">C.S. Leii Timisoarei<\/a>, Timi\u0219<\/div>\n<div><a href=\"https:\/\/www.facebook.com\/pages\/Asociatia-Club-Sportiv-Rotile-Abilitatii\/1563649667179867\" target=\"_blank\">Asocia\u021bia Club Sportiv Ro\u021bile Abilit\u0103\u021bii<\/a>, Cluj<\/div>\n<div><a href=\"https:\/\/www.facebook.com\/pages\/Fundatia-pentru-copii-Sfantul-Sava\/401292163329294?fref=ts\" target=\"_blank\">Funda\u021bia Sf\u00e2ntul Sava pentru Copii<\/a>, Buz\u0103u<\/div>\n<div><img decoding=\"async\" class=\"aligncenter\" src=\"http:\/\/www.motivation.ro\/en\/uploads\/images\/achizitii_foto\/footer_144402_rev.jpg\" alt=\"\" width=\"730\" height=\"74\" \/><\/div>\n<p>&nbsp;<\/p>\n","protected":false},"excerpt":{"rendered":"<p>Shaw Trust UK Proiectul \u201dAbilit\u0103\u021bile conteaz\u0103 \u0219i economic pe site-ul Shaw Trust &#8211; descriere Proiectul \u201dAbilit\u0103\u021bile conteaz\u0103 \u0219i economic pe stite-ul Shaw Trust &#8211; \u0219tiri Asociatia\u00a0Clubul Sportiv Supernova Neamt, Neam\u021b Asoc. Jud. Ilfov Motivation a Sportului pentru Persoane cu Handicap, Ilfov Asocia\u021bia Club Sportiv Ro\u021bile Astrale, Sibiu Asocia\u0163ia Club Sportiv Ro\u0163ile Schimb\u0103rii, Prahova Asociatia Club&#8230;<\/p>\n","protected":false},"author":1,"featured_media":0,"parent":163,"menu_order":0,"comment_status":"closed","ping_status":"closed","template":"","meta":{"footnotes":""},"class_list":["post-187","page","type-page","status-publish","hentry"],"yoast_head":"<!-- This site is optimized with the Yoast SEO plugin v27.1.1 - https:\/\/yoast.com\/product\/yoast-seo-wordpress\/ -->\n<title>Project partners - Motivation Romania NGO<\/title>\n<meta name=\"robots\" content=\"index, follow, max-snippet:-1, max-image-preview:large, max-video-preview:-1\" \/>\n<link rel=\"canonical\" href=\"https:\/\/motivation.ro\/en\/social-economy\/abilities-matter-economically\/project-partners\/\" \/>\n<meta property=\"og:locale\" content=\"en_US\" \/>\n<meta property=\"og:type\" content=\"article\" \/>\n<meta property=\"og:title\" content=\"Project partners - Motivation Romania NGO\" \/>\n<meta property=\"og:description\" content=\"Shaw Trust UK Proiectul \u201dAbilit\u0103\u021bile conteaz\u0103 \u0219i economic pe site-ul Shaw Trust &#8211; descriere Proiectul \u201dAbilit\u0103\u021bile conteaz\u0103 \u0219i economic pe stite-ul Shaw Trust &#8211; \u0219tiri Asociatia\u00a0Clubul Sportiv Supernova Neamt, Neam\u021b Asoc. Jud. Ilfov Motivation a Sportului pentru Persoane cu Handicap, Ilfov Asocia\u021bia Club Sportiv Ro\u021bile Astrale, Sibiu Asocia\u0163ia Club Sportiv Ro\u0163ile Schimb\u0103rii, Prahova Asociatia Club...\" \/>\n<meta property=\"og:url\" content=\"https:\/\/motivation.ro\/en\/social-economy\/abilities-matter-economically\/project-partners\/\" \/>\n<meta property=\"og:site_name\" content=\"Motivation Romania NGO\" \/>\n<meta property=\"article:publisher\" content=\"https:\/\/www.facebook.com\/FundatiaMotivationRomania\" \/>\n<meta property=\"article:modified_time\" content=\"2016-02-23T13:16:05+00:00\" \/>\n<meta property=\"og:image\" content=\"http:\/\/www.motivation.ro\/en\/uploads\/achizitii\/header_144402.jpg\" \/>\n<meta name=\"twitter:card\" content=\"summary_large_image\" \/>\n<script type=\"application\/ld+json\" class=\"yoast-schema-graph\">{\"@context\":\"https:\/\/schema.org\",\"@graph\":[{\"@type\":\"WebPage\",\"@id\":\"https:\/\/motivation.ro\/en\/social-economy\/abilities-matter-economically\/project-partners\/\",\"url\":\"https:\/\/motivation.ro\/en\/social-economy\/abilities-matter-economically\/project-partners\/\",\"name\":\"Project partners - Motivation Romania NGO\",\"isPartOf\":{\"@id\":\"https:\/\/motivation.ro\/en\/#website\"},\"primaryImageOfPage\":{\"@id\":\"https:\/\/motivation.ro\/en\/social-economy\/abilities-matter-economically\/project-partners\/#primaryimage\"},\"image\":{\"@id\":\"https:\/\/motivation.ro\/en\/social-economy\/abilities-matter-economically\/project-partners\/#primaryimage\"},\"thumbnailUrl\":\"http:\/\/www.motivation.ro\/en\/uploads\/achizitii\/header_144402.jpg\",\"datePublished\":\"2015-12-09T11:05:41+00:00\",\"dateModified\":\"2016-02-23T13:16:05+00:00\",\"breadcrumb\":{\"@id\":\"https:\/\/motivation.ro\/en\/social-economy\/abilities-matter-economically\/project-partners\/#breadcrumb\"},\"inLanguage\":\"en-US\",\"potentialAction\":[{\"@type\":\"ReadAction\",\"target\":[\"https:\/\/motivation.ro\/en\/social-economy\/abilities-matter-economically\/project-partners\/\"]}]},{\"@type\":\"ImageObject\",\"inLanguage\":\"en-US\",\"@id\":\"https:\/\/motivation.ro\/en\/social-economy\/abilities-matter-economically\/project-partners\/#primaryimage\",\"url\":\"http:\/\/www.motivation.ro\/en\/uploads\/achizitii\/header_144402.jpg\",\"contentUrl\":\"http:\/\/www.motivation.ro\/en\/uploads\/achizitii\/header_144402.jpg\"},{\"@type\":\"BreadcrumbList\",\"@id\":\"https:\/\/motivation.ro\/en\/social-economy\/abilities-matter-economically\/project-partners\/#breadcrumb\",\"itemListElement\":[{\"@type\":\"ListItem\",\"position\":1,\"name\":\"Home\",\"item\":\"https:\/\/motivation.ro\/en\/\"},{\"@type\":\"ListItem\",\"position\":2,\"name\":\"Social economy\",\"item\":\"https:\/\/motivation.ro\/en\/social-economy\/\"},{\"@type\":\"ListItem\",\"position\":3,\"name\":\"Abilities Matter in the Market Economy\",\"item\":\"https:\/\/motivation.ro\/en\/social-economy\/abilities-matter-economically\/\"},{\"@type\":\"ListItem\",\"position\":4,\"name\":\"Project partners\"}]},{\"@type\":\"WebSite\",\"@id\":\"https:\/\/motivation.ro\/en\/#website\",\"url\":\"https:\/\/motivation.ro\/en\/\",\"name\":\"Motivation Romania NGO\",\"description\":\"FMR\",\"publisher\":{\"@id\":\"https:\/\/motivation.ro\/en\/#organization\"},\"potentialAction\":[{\"@type\":\"SearchAction\",\"target\":{\"@type\":\"EntryPoint\",\"urlTemplate\":\"https:\/\/motivation.ro\/en\/?s={search_term_string}\"},\"query-input\":{\"@type\":\"PropertyValueSpecification\",\"valueRequired\":true,\"valueName\":\"search_term_string\"}}],\"inLanguage\":\"en-US\"},{\"@type\":\"Organization\",\"@id\":\"https:\/\/motivation.ro\/en\/#organization\",\"name\":\"Fundatia Motivation Romania\",\"url\":\"https:\/\/motivation.ro\/en\/\",\"logo\":{\"@type\":\"ImageObject\",\"inLanguage\":\"en-US\",\"@id\":\"https:\/\/motivation.ro\/en\/#\/schema\/logo\/image\/\",\"url\":\"https:\/\/motivation.ro\/en\/wp-content\/uploads\/sites\/10\/2015\/12\/logo_mot_shadow.png\",\"contentUrl\":\"https:\/\/motivation.ro\/en\/wp-content\/uploads\/sites\/10\/2015\/12\/logo_mot_shadow.png\",\"width\":350,\"height\":84,\"caption\":\"Fundatia Motivation Romania\"},\"image\":{\"@id\":\"https:\/\/motivation.ro\/en\/#\/schema\/logo\/image\/\"},\"sameAs\":[\"https:\/\/www.facebook.com\/FundatiaMotivationRomania\"]}]}<\/script>\n<!-- \/ Yoast SEO plugin. -->","yoast_head_json":{"title":"Project partners - Motivation Romania NGO","robots":{"index":"index","follow":"follow","max-snippet":"max-snippet:-1","max-image-preview":"max-image-preview:large","max-video-preview":"max-video-preview:-1"},"canonical":"https:\/\/motivation.ro\/en\/social-economy\/abilities-matter-economically\/project-partners\/","og_locale":"en_US","og_type":"article","og_title":"Project partners - Motivation Romania NGO","og_description":"Shaw Trust UK Proiectul \u201dAbilit\u0103\u021bile conteaz\u0103 \u0219i economic pe site-ul Shaw Trust &#8211; descriere Proiectul \u201dAbilit\u0103\u021bile conteaz\u0103 \u0219i economic pe stite-ul Shaw Trust &#8211; \u0219tiri Asociatia\u00a0Clubul Sportiv Supernova Neamt, Neam\u021b Asoc. Jud. Ilfov Motivation a Sportului pentru Persoane cu Handicap, Ilfov Asocia\u021bia Club Sportiv Ro\u021bile Astrale, Sibiu Asocia\u0163ia Club Sportiv Ro\u0163ile Schimb\u0103rii, Prahova Asociatia Club...","og_url":"https:\/\/motivation.ro\/en\/social-economy\/abilities-matter-economically\/project-partners\/","og_site_name":"Motivation Romania NGO","article_publisher":"https:\/\/www.facebook.com\/FundatiaMotivationRomania","article_modified_time":"2016-02-23T13:16:05+00:00","og_image":[{"url":"http:\/\/www.motivation.ro\/en\/uploads\/achizitii\/header_144402.jpg","type":"","width":"","height":""}],"twitter_card":"summary_large_image","schema":{"@context":"https:\/\/schema.org","@graph":[{"@type":"WebPage","@id":"https:\/\/motivation.ro\/en\/social-economy\/abilities-matter-economically\/project-partners\/","url":"https:\/\/motivation.ro\/en\/social-economy\/abilities-matter-economically\/project-partners\/","name":"Project partners - Motivation Romania NGO","isPartOf":{"@id":"https:\/\/motivation.ro\/en\/#website"},"primaryImageOfPage":{"@id":"https:\/\/motivation.ro\/en\/social-economy\/abilities-matter-economically\/project-partners\/#primaryimage"},"image":{"@id":"https:\/\/motivation.ro\/en\/social-economy\/abilities-matter-economically\/project-partners\/#primaryimage"},"thumbnailUrl":"http:\/\/www.motivation.ro\/en\/uploads\/achizitii\/header_144402.jpg","datePublished":"2015-12-09T11:05:41+00:00","dateModified":"2016-02-23T13:16:05+00:00","breadcrumb":{"@id":"https:\/\/motivation.ro\/en\/social-economy\/abilities-matter-economically\/project-partners\/#breadcrumb"},"inLanguage":"en-US","potentialAction":[{"@type":"ReadAction","target":["https:\/\/motivation.ro\/en\/social-economy\/abilities-matter-economically\/project-partners\/"]}]},{"@type":"ImageObject","inLanguage":"en-US","@id":"https:\/\/motivation.ro\/en\/social-economy\/abilities-matter-economically\/project-partners\/#primaryimage","url":"http:\/\/www.motivation.ro\/en\/uploads\/achizitii\/header_144402.jpg","contentUrl":"http:\/\/www.motivation.ro\/en\/uploads\/achizitii\/header_144402.jpg"},{"@type":"BreadcrumbList","@id":"https:\/\/motivation.ro\/en\/social-economy\/abilities-matter-economically\/project-partners\/#breadcrumb","itemListElement":[{"@type":"ListItem","position":1,"name":"Home","item":"https:\/\/motivation.ro\/en\/"},{"@type":"ListItem","position":2,"name":"Social economy","item":"https:\/\/motivation.ro\/en\/social-economy\/"},{"@type":"ListItem","position":3,"name":"Abilities Matter in the Market Economy","item":"https:\/\/motivation.ro\/en\/social-economy\/abilities-matter-economically\/"},{"@type":"ListItem","position":4,"name":"Project partners"}]},{"@type":"WebSite","@id":"https:\/\/motivation.ro\/en\/#website","url":"https:\/\/motivation.ro\/en\/","name":"Motivation Romania NGO","description":"FMR","publisher":{"@id":"https:\/\/motivation.ro\/en\/#organization"},"potentialAction":[{"@type":"SearchAction","target":{"@type":"EntryPoint","urlTemplate":"https:\/\/motivation.ro\/en\/?s={search_term_string}"},"query-input":{"@type":"PropertyValueSpecification","valueRequired":true,"valueName":"search_term_string"}}],"inLanguage":"en-US"},{"@type":"Organization","@id":"https:\/\/motivation.ro\/en\/#organization","name":"Fundatia Motivation Romania","url":"https:\/\/motivation.ro\/en\/","logo":{"@type":"ImageObject","inLanguage":"en-US","@id":"https:\/\/motivation.ro\/en\/#\/schema\/logo\/image\/","url":"https:\/\/motivation.ro\/en\/wp-content\/uploads\/sites\/10\/2015\/12\/logo_mot_shadow.png","contentUrl":"https:\/\/motivation.ro\/en\/wp-content\/uploads\/sites\/10\/2015\/12\/logo_mot_shadow.png","width":350,"height":84,"caption":"Fundatia Motivation Romania"},"image":{"@id":"https:\/\/motivation.ro\/en\/#\/schema\/logo\/image\/"},"sameAs":["https:\/\/www.facebook.com\/FundatiaMotivationRomania"]}]}},"_links":{"self":[{"href":"https:\/\/motivation.ro\/en\/wp-json\/wp\/v2\/pages\/187","targetHints":{"allow":["GET"]}}],"collection":[{"href":"https:\/\/motivation.ro\/en\/wp-json\/wp\/v2\/pages"}],"about":[{"href":"https:\/\/motivation.ro\/en\/wp-json\/wp\/v2\/types\/page"}],"author":[{"embeddable":true,"href":"https:\/\/motivation.ro\/en\/wp-json\/wp\/v2\/users\/1"}],"replies":[{"embeddable":true,"href":"https:\/\/motivation.ro\/en\/wp-json\/wp\/v2\/comments?post=187"}],"version-history":[{"count":4,"href":"https:\/\/motivation.ro\/en\/wp-json\/wp\/v2\/pages\/187\/revisions"}],"predecessor-version":[{"id":2429,"href":"https:\/\/motivation.ro\/en\/wp-json\/wp\/v2\/pages\/187\/revisions\/2429"}],"up":[{"embeddable":true,"href":"https:\/\/motivation.ro\/en\/wp-json\/wp\/v2\/pages\/163"}],"wp:attachment":[{"href":"https:\/\/motivation.ro\/en\/wp-json\/wp\/v2\/media?parent=187"}],"curies":[{"name":"wp","href":"https:\/\/api.w.org\/{rel}","templated":true}]}}