{"id":193,"date":"2015-12-09T13:10:27","date_gmt":"2015-12-09T11:10:27","guid":{"rendered":"http:\/\/motivation.ro\/en\/?page_id=193"},"modified":"2016-02-23T15:12:54","modified_gmt":"2016-02-23T13:12:54","slug":"lifelong-learning","status":"publish","type":"page","link":"https:\/\/motivation.ro\/en\/social-economy\/lifelong-learning\/","title":{"rendered":"Lifelong learning"},"content":{"rendered":"<style type=\"text\/css\"><\/style><p><img fetchpriority=\"high\" decoding=\"async\" class=\"alignright\" src=\"http:\/\/www.motivation.ro\/en\/uploads\/images\/Stiri%20si%20evenimente\/Invatare%20pe%20tot%20parcursul%20vietii.JPG\" alt=\"\" width=\"400\" height=\"300\" \/>Funda\u0163ia Motivation Rom\u00e2nia este, \u00eencep\u00e2nd din luna august 2012, p\u00e2n\u0103 \u00een august 2014, partener\u0103 \u00een cadrul proiectului \u201e<em><strong>Experience and enjoy with all senses \u2013 creative gastronomy\u201d,<\/strong><\/em> implementat cu sprijinul financiar al programului sectorial Grundtvig, prin programul \u201e\u00cenva\u0163are pe tot parcursul vie\u0163ii\u201d &#8211; parteneriate pentru \u00eenv\u0103\u0163are.<\/p>\n<div>\n<p>Al\u0103turi de parteneri din alte \u0163\u0103ri europene &#8211; Behindertentagesst\u00e4tten en Eupen GOE din Belgia, Lebenshilfe Aachen Werkst\u00e4tten &amp; Service GmbH din Germania, Zefiro Societ\u00e0 Cooperativa Sociale din Italia \u015fi Wien Work integrative Betriebe und AusbildungsgmbH din Austria, Funda\u0163ia Motivation se va implica \u00eentr-un schimb de bune practici \u015fi de experien\u0163e privind incluziunea social\u0103 a persoanelor cu dizabilit\u0103\u0163i prin intermediul gastronomiei \u015fi serviciilor din domeniul gastronomiei. \u00a0Limba de lucru a proiectului este engleza.<\/p>\n<p>O echip\u0103 format\u0103 din angaja\u021bi ai Funda\u021biei Motivation \u0219i persoane cu dizabilit\u0103\u0163i, beneficiare ale programelor noastre, va participa la \u00eent\u00e2lnirile cu echipele partenere, organizate \u00een fiecare dintre \u0163\u0103rile participante.<\/p>\n<p>Participan\u021bii vor \u00eenv\u0103\u0163a s\u0103 gateasc\u0103 dup\u0103 retete regionale, specifice \u0163\u0103rii gazd\u0103, vor face schimburi de idei \u015fi experien\u0163e legate de implicarea persoanelor cu dizabilit\u0103\u0163i in servicii de catering, restaurant sau \u00een activit\u0103\u0163i gastronomice. La finalul proiectului, o carte de bucate bogat ilustrat\u0103, realizat\u0103 \u00een colaborare de to\u0163i cei implica\u021bi \u00een proiect, va descrie experien\u0163ele din cele patru \u00eent\u00e2lniri regionale.<\/p>\n<\/div>\n","protected":false},"excerpt":{"rendered":"<p>Funda\u0163ia Motivation Rom\u00e2nia este, \u00eencep\u00e2nd din luna august 2012, p\u00e2n\u0103 \u00een august 2014, partener\u0103 \u00een cadrul proiectului \u201eExperience and enjoy with all senses \u2013 creative gastronomy\u201d, implementat cu sprijinul financiar al programului sectorial Grundtvig, prin programul \u201e\u00cenva\u0163are pe tot parcursul vie\u0163ii\u201d &#8211; parteneriate pentru \u00eenv\u0103\u0163are. Al\u0103turi de parteneri din alte \u0163\u0103ri europene &#8211; Behindertentagesst\u00e4tten en&#8230;<\/p>\n","protected":false},"author":1,"featured_media":0,"parent":156,"menu_order":0,"comment_status":"closed","ping_status":"closed","template":"","meta":{"footnotes":""},"class_list":["post-193","page","type-page","status-publish","hentry"],"yoast_head":"<!-- This site is optimized with the Yoast SEO plugin v27.1.1 - https:\/\/yoast.com\/product\/yoast-seo-wordpress\/ -->\n<title>Lifelong learning - Motivation Romania NGO<\/title>\n<meta name=\"robots\" content=\"index, follow, max-snippet:-1, max-image-preview:large, max-video-preview:-1\" \/>\n<link rel=\"canonical\" href=\"https:\/\/motivation.ro\/en\/social-economy\/lifelong-learning\/\" \/>\n<meta property=\"og:locale\" content=\"en_US\" \/>\n<meta property=\"og:type\" content=\"article\" \/>\n<meta property=\"og:title\" content=\"Lifelong learning - Motivation Romania NGO\" \/>\n<meta property=\"og:description\" content=\"Funda\u0163ia Motivation Rom\u00e2nia este, \u00eencep\u00e2nd din luna august 2012, p\u00e2n\u0103 \u00een august 2014, partener\u0103 \u00een cadrul proiectului \u201eExperience and enjoy with all senses \u2013 creative gastronomy\u201d, implementat cu sprijinul financiar al programului sectorial Grundtvig, prin programul \u201e\u00cenva\u0163are pe tot parcursul vie\u0163ii\u201d &#8211; parteneriate pentru \u00eenv\u0103\u0163are. Al\u0103turi de parteneri din alte \u0163\u0103ri europene &#8211; Behindertentagesst\u00e4tten en...\" \/>\n<meta property=\"og:url\" content=\"https:\/\/motivation.ro\/en\/social-economy\/lifelong-learning\/\" \/>\n<meta property=\"og:site_name\" content=\"Motivation Romania NGO\" \/>\n<meta property=\"article:publisher\" content=\"https:\/\/www.facebook.com\/FundatiaMotivationRomania\" \/>\n<meta property=\"article:modified_time\" content=\"2016-02-23T13:12:54+00:00\" \/>\n<meta property=\"og:image\" content=\"http:\/\/www.motivation.ro\/en\/uploads\/images\/Stiri%20si%20evenimente\/Invatare%20pe%20tot%20parcursul%20vietii.JPG\" \/>\n<meta name=\"twitter:card\" content=\"summary_large_image\" \/>\n<meta name=\"twitter:label1\" content=\"Est. reading time\" \/>\n\t<meta name=\"twitter:data1\" content=\"1 minute\" \/>\n<script type=\"application\/ld+json\" class=\"yoast-schema-graph\">{\"@context\":\"https:\/\/schema.org\",\"@graph\":[{\"@type\":\"WebPage\",\"@id\":\"https:\/\/motivation.ro\/en\/social-economy\/lifelong-learning\/\",\"url\":\"https:\/\/motivation.ro\/en\/social-economy\/lifelong-learning\/\",\"name\":\"Lifelong learning - Motivation Romania NGO\",\"isPartOf\":{\"@id\":\"https:\/\/motivation.ro\/en\/#website\"},\"primaryImageOfPage\":{\"@id\":\"https:\/\/motivation.ro\/en\/social-economy\/lifelong-learning\/#primaryimage\"},\"image\":{\"@id\":\"https:\/\/motivation.ro\/en\/social-economy\/lifelong-learning\/#primaryimage\"},\"thumbnailUrl\":\"http:\/\/www.motivation.ro\/en\/uploads\/images\/Stiri%20si%20evenimente\/Invatare%20pe%20tot%20parcursul%20vietii.JPG\",\"datePublished\":\"2015-12-09T11:10:27+00:00\",\"dateModified\":\"2016-02-23T13:12:54+00:00\",\"breadcrumb\":{\"@id\":\"https:\/\/motivation.ro\/en\/social-economy\/lifelong-learning\/#breadcrumb\"},\"inLanguage\":\"en-US\",\"potentialAction\":[{\"@type\":\"ReadAction\",\"target\":[\"https:\/\/motivation.ro\/en\/social-economy\/lifelong-learning\/\"]}]},{\"@type\":\"ImageObject\",\"inLanguage\":\"en-US\",\"@id\":\"https:\/\/motivation.ro\/en\/social-economy\/lifelong-learning\/#primaryimage\",\"url\":\"http:\/\/www.motivation.ro\/en\/uploads\/images\/Stiri%20si%20evenimente\/Invatare%20pe%20tot%20parcursul%20vietii.JPG\",\"contentUrl\":\"http:\/\/www.motivation.ro\/en\/uploads\/images\/Stiri%20si%20evenimente\/Invatare%20pe%20tot%20parcursul%20vietii.JPG\"},{\"@type\":\"BreadcrumbList\",\"@id\":\"https:\/\/motivation.ro\/en\/social-economy\/lifelong-learning\/#breadcrumb\",\"itemListElement\":[{\"@type\":\"ListItem\",\"position\":1,\"name\":\"Home\",\"item\":\"https:\/\/motivation.ro\/en\/\"},{\"@type\":\"ListItem\",\"position\":2,\"name\":\"Social economy\",\"item\":\"https:\/\/motivation.ro\/en\/social-economy\/\"},{\"@type\":\"ListItem\",\"position\":3,\"name\":\"Lifelong learning\"}]},{\"@type\":\"WebSite\",\"@id\":\"https:\/\/motivation.ro\/en\/#website\",\"url\":\"https:\/\/motivation.ro\/en\/\",\"name\":\"Motivation Romania NGO\",\"description\":\"FMR\",\"publisher\":{\"@id\":\"https:\/\/motivation.ro\/en\/#organization\"},\"potentialAction\":[{\"@type\":\"SearchAction\",\"target\":{\"@type\":\"EntryPoint\",\"urlTemplate\":\"https:\/\/motivation.ro\/en\/?s={search_term_string}\"},\"query-input\":{\"@type\":\"PropertyValueSpecification\",\"valueRequired\":true,\"valueName\":\"search_term_string\"}}],\"inLanguage\":\"en-US\"},{\"@type\":\"Organization\",\"@id\":\"https:\/\/motivation.ro\/en\/#organization\",\"name\":\"Fundatia Motivation Romania\",\"url\":\"https:\/\/motivation.ro\/en\/\",\"logo\":{\"@type\":\"ImageObject\",\"inLanguage\":\"en-US\",\"@id\":\"https:\/\/motivation.ro\/en\/#\/schema\/logo\/image\/\",\"url\":\"https:\/\/motivation.ro\/en\/wp-content\/uploads\/sites\/10\/2015\/12\/logo_mot_shadow.png\",\"contentUrl\":\"https:\/\/motivation.ro\/en\/wp-content\/uploads\/sites\/10\/2015\/12\/logo_mot_shadow.png\",\"width\":350,\"height\":84,\"caption\":\"Fundatia Motivation Romania\"},\"image\":{\"@id\":\"https:\/\/motivation.ro\/en\/#\/schema\/logo\/image\/\"},\"sameAs\":[\"https:\/\/www.facebook.com\/FundatiaMotivationRomania\"]}]}<\/script>\n<!-- \/ Yoast SEO plugin. -->","yoast_head_json":{"title":"Lifelong learning - Motivation Romania NGO","robots":{"index":"index","follow":"follow","max-snippet":"max-snippet:-1","max-image-preview":"max-image-preview:large","max-video-preview":"max-video-preview:-1"},"canonical":"https:\/\/motivation.ro\/en\/social-economy\/lifelong-learning\/","og_locale":"en_US","og_type":"article","og_title":"Lifelong learning - Motivation Romania NGO","og_description":"Funda\u0163ia Motivation Rom\u00e2nia este, \u00eencep\u00e2nd din luna august 2012, p\u00e2n\u0103 \u00een august 2014, partener\u0103 \u00een cadrul proiectului \u201eExperience and enjoy with all senses \u2013 creative gastronomy\u201d, implementat cu sprijinul financiar al programului sectorial Grundtvig, prin programul \u201e\u00cenva\u0163are pe tot parcursul vie\u0163ii\u201d &#8211; parteneriate pentru \u00eenv\u0103\u0163are. Al\u0103turi de parteneri din alte \u0163\u0103ri europene &#8211; Behindertentagesst\u00e4tten en...","og_url":"https:\/\/motivation.ro\/en\/social-economy\/lifelong-learning\/","og_site_name":"Motivation Romania NGO","article_publisher":"https:\/\/www.facebook.com\/FundatiaMotivationRomania","article_modified_time":"2016-02-23T13:12:54+00:00","og_image":[{"url":"http:\/\/www.motivation.ro\/en\/uploads\/images\/Stiri%20si%20evenimente\/Invatare%20pe%20tot%20parcursul%20vietii.JPG","type":"","width":"","height":""}],"twitter_card":"summary_large_image","twitter_misc":{"Est. reading time":"1 minute"},"schema":{"@context":"https:\/\/schema.org","@graph":[{"@type":"WebPage","@id":"https:\/\/motivation.ro\/en\/social-economy\/lifelong-learning\/","url":"https:\/\/motivation.ro\/en\/social-economy\/lifelong-learning\/","name":"Lifelong learning - Motivation Romania NGO","isPartOf":{"@id":"https:\/\/motivation.ro\/en\/#website"},"primaryImageOfPage":{"@id":"https:\/\/motivation.ro\/en\/social-economy\/lifelong-learning\/#primaryimage"},"image":{"@id":"https:\/\/motivation.ro\/en\/social-economy\/lifelong-learning\/#primaryimage"},"thumbnailUrl":"http:\/\/www.motivation.ro\/en\/uploads\/images\/Stiri%20si%20evenimente\/Invatare%20pe%20tot%20parcursul%20vietii.JPG","datePublished":"2015-12-09T11:10:27+00:00","dateModified":"2016-02-23T13:12:54+00:00","breadcrumb":{"@id":"https:\/\/motivation.ro\/en\/social-economy\/lifelong-learning\/#breadcrumb"},"inLanguage":"en-US","potentialAction":[{"@type":"ReadAction","target":["https:\/\/motivation.ro\/en\/social-economy\/lifelong-learning\/"]}]},{"@type":"ImageObject","inLanguage":"en-US","@id":"https:\/\/motivation.ro\/en\/social-economy\/lifelong-learning\/#primaryimage","url":"http:\/\/www.motivation.ro\/en\/uploads\/images\/Stiri%20si%20evenimente\/Invatare%20pe%20tot%20parcursul%20vietii.JPG","contentUrl":"http:\/\/www.motivation.ro\/en\/uploads\/images\/Stiri%20si%20evenimente\/Invatare%20pe%20tot%20parcursul%20vietii.JPG"},{"@type":"BreadcrumbList","@id":"https:\/\/motivation.ro\/en\/social-economy\/lifelong-learning\/#breadcrumb","itemListElement":[{"@type":"ListItem","position":1,"name":"Home","item":"https:\/\/motivation.ro\/en\/"},{"@type":"ListItem","position":2,"name":"Social economy","item":"https:\/\/motivation.ro\/en\/social-economy\/"},{"@type":"ListItem","position":3,"name":"Lifelong learning"}]},{"@type":"WebSite","@id":"https:\/\/motivation.ro\/en\/#website","url":"https:\/\/motivation.ro\/en\/","name":"Motivation Romania NGO","description":"FMR","publisher":{"@id":"https:\/\/motivation.ro\/en\/#organization"},"potentialAction":[{"@type":"SearchAction","target":{"@type":"EntryPoint","urlTemplate":"https:\/\/motivation.ro\/en\/?s={search_term_string}"},"query-input":{"@type":"PropertyValueSpecification","valueRequired":true,"valueName":"search_term_string"}}],"inLanguage":"en-US"},{"@type":"Organization","@id":"https:\/\/motivation.ro\/en\/#organization","name":"Fundatia Motivation Romania","url":"https:\/\/motivation.ro\/en\/","logo":{"@type":"ImageObject","inLanguage":"en-US","@id":"https:\/\/motivation.ro\/en\/#\/schema\/logo\/image\/","url":"https:\/\/motivation.ro\/en\/wp-content\/uploads\/sites\/10\/2015\/12\/logo_mot_shadow.png","contentUrl":"https:\/\/motivation.ro\/en\/wp-content\/uploads\/sites\/10\/2015\/12\/logo_mot_shadow.png","width":350,"height":84,"caption":"Fundatia Motivation Romania"},"image":{"@id":"https:\/\/motivation.ro\/en\/#\/schema\/logo\/image\/"},"sameAs":["https:\/\/www.facebook.com\/FundatiaMotivationRomania"]}]}},"_links":{"self":[{"href":"https:\/\/motivation.ro\/en\/wp-json\/wp\/v2\/pages\/193","targetHints":{"allow":["GET"]}}],"collection":[{"href":"https:\/\/motivation.ro\/en\/wp-json\/wp\/v2\/pages"}],"about":[{"href":"https:\/\/motivation.ro\/en\/wp-json\/wp\/v2\/types\/page"}],"author":[{"embeddable":true,"href":"https:\/\/motivation.ro\/en\/wp-json\/wp\/v2\/users\/1"}],"replies":[{"embeddable":true,"href":"https:\/\/motivation.ro\/en\/wp-json\/wp\/v2\/comments?post=193"}],"version-history":[{"count":3,"href":"https:\/\/motivation.ro\/en\/wp-json\/wp\/v2\/pages\/193\/revisions"}],"predecessor-version":[{"id":2420,"href":"https:\/\/motivation.ro\/en\/wp-json\/wp\/v2\/pages\/193\/revisions\/2420"}],"up":[{"embeddable":true,"href":"https:\/\/motivation.ro\/en\/wp-json\/wp\/v2\/pages\/156"}],"wp:attachment":[{"href":"https:\/\/motivation.ro\/en\/wp-json\/wp\/v2\/media?parent=193"}],"curies":[{"name":"wp","href":"https:\/\/api.w.org\/{rel}","templated":true}]}}