{"id":198,"date":"2015-12-09T13:12:08","date_gmt":"2015-12-09T11:12:08","guid":{"rendered":"http:\/\/motivation.ro\/en\/?page_id=198"},"modified":"2016-02-23T15:24:19","modified_gmt":"2016-02-23T13:24:19","slug":"project-results","status":"publish","type":"page","link":"https:\/\/motivation.ro\/en\/social-economy\/lifelong-learning\/project-results\/","title":{"rendered":"Project results"},"content":{"rendered":"<style type=\"text\/css\"><\/style><h2><\/h2>\n<p><img fetchpriority=\"high\" decoding=\"async\" class=\"alignright\" src=\"http:\/\/www.motivation.ro\/en\/uploads\/images\/Stiri%20si%20evenimente\/coperta_carte_grundtvig.jpg\" alt=\"\" width=\"230\" height=\"325\" \/>\u00centre rezultatele cele mai importante ale proiectului\u00a0\u201eWith all senses experience and enjoy &#8211; creative catering trade &#8211; people with special needs create and serve lusciousness from regional cultivation\u201d, derulat \u00een Rom\u00e2nia de\u00a0Agen\u021bia Na\u021bional\u0103 pentru Programe Comunitare \u00een Domeniul Educa\u021biei \u0219i Form\u0103rii Profesionale, \u00een cadrul\u00a0Programului Grundtvig \u00a0&#8211; \u00cenv\u0103\u021bare pe tot parcursul vie\u021bii, se num\u0103r\u0103:<\/p>\n<ul>\n<li>Crearea unei c\u0103r\u021bi de bucate. Aceasta cuprinde re\u021betele tradi\u021bionale ale \u021b\u0103rilor partenere, preg\u0103tite \u00een decursul atelierelor de lucru din proiect, \u0219i este disponibil\u0103<a href=\"http:\/\/www.motivation.ro\/en\/uploads\/pdf\/Grundtvig%20cookbook%202.pdf\" target=\"_blank\">aici<\/a>;<\/li>\n<li>\u00cen\u021belegerea unor alte modele de lucru cu persoanele cu dizabilit\u0103\u021bi \u00een vederea cre\u0219terii gradului de integrare \u00een societate a acestora;<\/li>\n<li>Descoperirea unor noi abord\u0103ri \u00een ceea ce prive\u0219te economia social\u0103 \u0219i beneficiile acesteia;\u200f<\/li>\n<li>Observarea direct\u0103 a exers\u0103rii abilit\u0103\u021bilor persoanelor cu dizabilit\u0103\u021bi, at\u00e2t \u00een timpul atelierelor de lucru, c\u00e2t \u0219i \u00een timpul vizitelor la unit\u0103\u021bi protejate, structuri de economie social\u0103 din \u021b\u0103rile partenere.<\/li>\n<\/ul>\n<p>&nbsp;<\/p>\n","protected":false},"excerpt":{"rendered":"<p>\u00centre rezultatele cele mai importante ale proiectului\u00a0\u201eWith all senses experience and enjoy &#8211; creative catering trade &#8211; people with special needs create and serve lusciousness from regional cultivation\u201d, derulat \u00een Rom\u00e2nia de\u00a0Agen\u021bia Na\u021bional\u0103 pentru Programe Comunitare \u00een Domeniul Educa\u021biei \u0219i Form\u0103rii Profesionale, \u00een cadrul\u00a0Programului Grundtvig \u00a0&#8211; \u00cenv\u0103\u021bare pe tot parcursul vie\u021bii, se num\u0103r\u0103: Crearea unei&#8230;<\/p>\n","protected":false},"author":1,"featured_media":0,"parent":193,"menu_order":0,"comment_status":"closed","ping_status":"closed","template":"","meta":{"footnotes":""},"class_list":["post-198","page","type-page","status-publish","hentry"],"yoast_head":"<!-- This site is optimized with the Yoast SEO plugin v27.1.1 - https:\/\/yoast.com\/product\/yoast-seo-wordpress\/ -->\n<title>Project results - Motivation Romania NGO<\/title>\n<meta name=\"robots\" content=\"index, follow, max-snippet:-1, max-image-preview:large, max-video-preview:-1\" \/>\n<link rel=\"canonical\" href=\"https:\/\/motivation.ro\/en\/social-economy\/lifelong-learning\/project-results\/\" \/>\n<meta property=\"og:locale\" content=\"en_US\" \/>\n<meta property=\"og:type\" content=\"article\" \/>\n<meta property=\"og:title\" content=\"Project results - Motivation Romania NGO\" \/>\n<meta property=\"og:description\" content=\"\u00centre rezultatele cele mai importante ale proiectului\u00a0\u201eWith all senses experience and enjoy &#8211; creative catering trade &#8211; people with special needs create and serve lusciousness from regional cultivation\u201d, derulat \u00een Rom\u00e2nia de\u00a0Agen\u021bia Na\u021bional\u0103 pentru Programe Comunitare \u00een Domeniul Educa\u021biei \u0219i Form\u0103rii Profesionale, \u00een cadrul\u00a0Programului Grundtvig \u00a0&#8211; \u00cenv\u0103\u021bare pe tot parcursul vie\u021bii, se num\u0103r\u0103: Crearea unei...\" \/>\n<meta property=\"og:url\" content=\"https:\/\/motivation.ro\/en\/social-economy\/lifelong-learning\/project-results\/\" \/>\n<meta property=\"og:site_name\" content=\"Motivation Romania NGO\" \/>\n<meta property=\"article:publisher\" content=\"https:\/\/www.facebook.com\/FundatiaMotivationRomania\" \/>\n<meta property=\"article:modified_time\" content=\"2016-02-23T13:24:19+00:00\" \/>\n<meta property=\"og:image\" content=\"http:\/\/www.motivation.ro\/en\/uploads\/images\/Stiri%20si%20evenimente\/coperta_carte_grundtvig.jpg\" \/>\n<meta name=\"twitter:card\" content=\"summary_large_image\" \/>\n<meta name=\"twitter:label1\" content=\"Est. reading time\" \/>\n\t<meta name=\"twitter:data1\" content=\"1 minute\" \/>\n<script type=\"application\/ld+json\" class=\"yoast-schema-graph\">{\"@context\":\"https:\/\/schema.org\",\"@graph\":[{\"@type\":\"WebPage\",\"@id\":\"https:\/\/motivation.ro\/en\/social-economy\/lifelong-learning\/project-results\/\",\"url\":\"https:\/\/motivation.ro\/en\/social-economy\/lifelong-learning\/project-results\/\",\"name\":\"Project results - Motivation Romania NGO\",\"isPartOf\":{\"@id\":\"https:\/\/motivation.ro\/en\/#website\"},\"primaryImageOfPage\":{\"@id\":\"https:\/\/motivation.ro\/en\/social-economy\/lifelong-learning\/project-results\/#primaryimage\"},\"image\":{\"@id\":\"https:\/\/motivation.ro\/en\/social-economy\/lifelong-learning\/project-results\/#primaryimage\"},\"thumbnailUrl\":\"http:\/\/www.motivation.ro\/en\/uploads\/images\/Stiri%20si%20evenimente\/coperta_carte_grundtvig.jpg\",\"datePublished\":\"2015-12-09T11:12:08+00:00\",\"dateModified\":\"2016-02-23T13:24:19+00:00\",\"breadcrumb\":{\"@id\":\"https:\/\/motivation.ro\/en\/social-economy\/lifelong-learning\/project-results\/#breadcrumb\"},\"inLanguage\":\"en-US\",\"potentialAction\":[{\"@type\":\"ReadAction\",\"target\":[\"https:\/\/motivation.ro\/en\/social-economy\/lifelong-learning\/project-results\/\"]}]},{\"@type\":\"ImageObject\",\"inLanguage\":\"en-US\",\"@id\":\"https:\/\/motivation.ro\/en\/social-economy\/lifelong-learning\/project-results\/#primaryimage\",\"url\":\"http:\/\/www.motivation.ro\/en\/uploads\/images\/Stiri%20si%20evenimente\/coperta_carte_grundtvig.jpg\",\"contentUrl\":\"http:\/\/www.motivation.ro\/en\/uploads\/images\/Stiri%20si%20evenimente\/coperta_carte_grundtvig.jpg\"},{\"@type\":\"BreadcrumbList\",\"@id\":\"https:\/\/motivation.ro\/en\/social-economy\/lifelong-learning\/project-results\/#breadcrumb\",\"itemListElement\":[{\"@type\":\"ListItem\",\"position\":1,\"name\":\"Home\",\"item\":\"https:\/\/motivation.ro\/en\/\"},{\"@type\":\"ListItem\",\"position\":2,\"name\":\"Social economy\",\"item\":\"https:\/\/motivation.ro\/en\/social-economy\/\"},{\"@type\":\"ListItem\",\"position\":3,\"name\":\"Lifelong learning\",\"item\":\"https:\/\/motivation.ro\/en\/social-economy\/lifelong-learning\/\"},{\"@type\":\"ListItem\",\"position\":4,\"name\":\"Project results\"}]},{\"@type\":\"WebSite\",\"@id\":\"https:\/\/motivation.ro\/en\/#website\",\"url\":\"https:\/\/motivation.ro\/en\/\",\"name\":\"Motivation Romania NGO\",\"description\":\"FMR\",\"publisher\":{\"@id\":\"https:\/\/motivation.ro\/en\/#organization\"},\"potentialAction\":[{\"@type\":\"SearchAction\",\"target\":{\"@type\":\"EntryPoint\",\"urlTemplate\":\"https:\/\/motivation.ro\/en\/?s={search_term_string}\"},\"query-input\":{\"@type\":\"PropertyValueSpecification\",\"valueRequired\":true,\"valueName\":\"search_term_string\"}}],\"inLanguage\":\"en-US\"},{\"@type\":\"Organization\",\"@id\":\"https:\/\/motivation.ro\/en\/#organization\",\"name\":\"Fundatia Motivation Romania\",\"url\":\"https:\/\/motivation.ro\/en\/\",\"logo\":{\"@type\":\"ImageObject\",\"inLanguage\":\"en-US\",\"@id\":\"https:\/\/motivation.ro\/en\/#\/schema\/logo\/image\/\",\"url\":\"https:\/\/motivation.ro\/en\/wp-content\/uploads\/sites\/10\/2015\/12\/logo_mot_shadow.png\",\"contentUrl\":\"https:\/\/motivation.ro\/en\/wp-content\/uploads\/sites\/10\/2015\/12\/logo_mot_shadow.png\",\"width\":350,\"height\":84,\"caption\":\"Fundatia Motivation Romania\"},\"image\":{\"@id\":\"https:\/\/motivation.ro\/en\/#\/schema\/logo\/image\/\"},\"sameAs\":[\"https:\/\/www.facebook.com\/FundatiaMotivationRomania\"]}]}<\/script>\n<!-- \/ Yoast SEO plugin. -->","yoast_head_json":{"title":"Project results - Motivation Romania NGO","robots":{"index":"index","follow":"follow","max-snippet":"max-snippet:-1","max-image-preview":"max-image-preview:large","max-video-preview":"max-video-preview:-1"},"canonical":"https:\/\/motivation.ro\/en\/social-economy\/lifelong-learning\/project-results\/","og_locale":"en_US","og_type":"article","og_title":"Project results - Motivation Romania NGO","og_description":"\u00centre rezultatele cele mai importante ale proiectului\u00a0\u201eWith all senses experience and enjoy &#8211; creative catering trade &#8211; people with special needs create and serve lusciousness from regional cultivation\u201d, derulat \u00een Rom\u00e2nia de\u00a0Agen\u021bia Na\u021bional\u0103 pentru Programe Comunitare \u00een Domeniul Educa\u021biei \u0219i Form\u0103rii Profesionale, \u00een cadrul\u00a0Programului Grundtvig \u00a0&#8211; \u00cenv\u0103\u021bare pe tot parcursul vie\u021bii, se num\u0103r\u0103: Crearea unei...","og_url":"https:\/\/motivation.ro\/en\/social-economy\/lifelong-learning\/project-results\/","og_site_name":"Motivation Romania NGO","article_publisher":"https:\/\/www.facebook.com\/FundatiaMotivationRomania","article_modified_time":"2016-02-23T13:24:19+00:00","og_image":[{"url":"http:\/\/www.motivation.ro\/en\/uploads\/images\/Stiri%20si%20evenimente\/coperta_carte_grundtvig.jpg","type":"","width":"","height":""}],"twitter_card":"summary_large_image","twitter_misc":{"Est. reading time":"1 minute"},"schema":{"@context":"https:\/\/schema.org","@graph":[{"@type":"WebPage","@id":"https:\/\/motivation.ro\/en\/social-economy\/lifelong-learning\/project-results\/","url":"https:\/\/motivation.ro\/en\/social-economy\/lifelong-learning\/project-results\/","name":"Project results - Motivation Romania NGO","isPartOf":{"@id":"https:\/\/motivation.ro\/en\/#website"},"primaryImageOfPage":{"@id":"https:\/\/motivation.ro\/en\/social-economy\/lifelong-learning\/project-results\/#primaryimage"},"image":{"@id":"https:\/\/motivation.ro\/en\/social-economy\/lifelong-learning\/project-results\/#primaryimage"},"thumbnailUrl":"http:\/\/www.motivation.ro\/en\/uploads\/images\/Stiri%20si%20evenimente\/coperta_carte_grundtvig.jpg","datePublished":"2015-12-09T11:12:08+00:00","dateModified":"2016-02-23T13:24:19+00:00","breadcrumb":{"@id":"https:\/\/motivation.ro\/en\/social-economy\/lifelong-learning\/project-results\/#breadcrumb"},"inLanguage":"en-US","potentialAction":[{"@type":"ReadAction","target":["https:\/\/motivation.ro\/en\/social-economy\/lifelong-learning\/project-results\/"]}]},{"@type":"ImageObject","inLanguage":"en-US","@id":"https:\/\/motivation.ro\/en\/social-economy\/lifelong-learning\/project-results\/#primaryimage","url":"http:\/\/www.motivation.ro\/en\/uploads\/images\/Stiri%20si%20evenimente\/coperta_carte_grundtvig.jpg","contentUrl":"http:\/\/www.motivation.ro\/en\/uploads\/images\/Stiri%20si%20evenimente\/coperta_carte_grundtvig.jpg"},{"@type":"BreadcrumbList","@id":"https:\/\/motivation.ro\/en\/social-economy\/lifelong-learning\/project-results\/#breadcrumb","itemListElement":[{"@type":"ListItem","position":1,"name":"Home","item":"https:\/\/motivation.ro\/en\/"},{"@type":"ListItem","position":2,"name":"Social economy","item":"https:\/\/motivation.ro\/en\/social-economy\/"},{"@type":"ListItem","position":3,"name":"Lifelong learning","item":"https:\/\/motivation.ro\/en\/social-economy\/lifelong-learning\/"},{"@type":"ListItem","position":4,"name":"Project results"}]},{"@type":"WebSite","@id":"https:\/\/motivation.ro\/en\/#website","url":"https:\/\/motivation.ro\/en\/","name":"Motivation Romania NGO","description":"FMR","publisher":{"@id":"https:\/\/motivation.ro\/en\/#organization"},"potentialAction":[{"@type":"SearchAction","target":{"@type":"EntryPoint","urlTemplate":"https:\/\/motivation.ro\/en\/?s={search_term_string}"},"query-input":{"@type":"PropertyValueSpecification","valueRequired":true,"valueName":"search_term_string"}}],"inLanguage":"en-US"},{"@type":"Organization","@id":"https:\/\/motivation.ro\/en\/#organization","name":"Fundatia Motivation Romania","url":"https:\/\/motivation.ro\/en\/","logo":{"@type":"ImageObject","inLanguage":"en-US","@id":"https:\/\/motivation.ro\/en\/#\/schema\/logo\/image\/","url":"https:\/\/motivation.ro\/en\/wp-content\/uploads\/sites\/10\/2015\/12\/logo_mot_shadow.png","contentUrl":"https:\/\/motivation.ro\/en\/wp-content\/uploads\/sites\/10\/2015\/12\/logo_mot_shadow.png","width":350,"height":84,"caption":"Fundatia Motivation Romania"},"image":{"@id":"https:\/\/motivation.ro\/en\/#\/schema\/logo\/image\/"},"sameAs":["https:\/\/www.facebook.com\/FundatiaMotivationRomania"]}]}},"_links":{"self":[{"href":"https:\/\/motivation.ro\/en\/wp-json\/wp\/v2\/pages\/198","targetHints":{"allow":["GET"]}}],"collection":[{"href":"https:\/\/motivation.ro\/en\/wp-json\/wp\/v2\/pages"}],"about":[{"href":"https:\/\/motivation.ro\/en\/wp-json\/wp\/v2\/types\/page"}],"author":[{"embeddable":true,"href":"https:\/\/motivation.ro\/en\/wp-json\/wp\/v2\/users\/1"}],"replies":[{"embeddable":true,"href":"https:\/\/motivation.ro\/en\/wp-json\/wp\/v2\/comments?post=198"}],"version-history":[{"count":3,"href":"https:\/\/motivation.ro\/en\/wp-json\/wp\/v2\/pages\/198\/revisions"}],"predecessor-version":[{"id":2438,"href":"https:\/\/motivation.ro\/en\/wp-json\/wp\/v2\/pages\/198\/revisions\/2438"}],"up":[{"embeddable":true,"href":"https:\/\/motivation.ro\/en\/wp-json\/wp\/v2\/pages\/193"}],"wp:attachment":[{"href":"https:\/\/motivation.ro\/en\/wp-json\/wp\/v2\/media?parent=198"}],"curies":[{"name":"wp","href":"https:\/\/api.w.org\/{rel}","templated":true}]}}