{"id":222,"date":"2015-12-09T13:22:24","date_gmt":"2015-12-09T11:22:24","guid":{"rendered":"http:\/\/motivation.ro\/en\/?page_id=222"},"modified":"2016-02-23T13:41:35","modified_gmt":"2016-02-23T11:41:35","slug":"start-equal-opportunity-people-disabilities-world-work","status":"publish","type":"page","link":"https:\/\/motivation.ro\/en\/employment-vulnerable-groups\/start-equal-opportunity-people-disabilities-world-work\/","title":{"rendered":"START for equal opportunity for people with disabilities in the world of work"},"content":{"rendered":"<style type=\"text\/css\"><\/style><h2><\/h2>\n<p>&nbsp;<\/p>\n<p><img fetchpriority=\"high\" decoding=\"async\" class=\"aligncenter\" src=\"http:\/\/www.motivation.ro\/en\/uploads\/images\/Posdru_nord_est.jpg\" alt=\"\" width=\"900\" height=\"132\" \/><\/p>\n<p><strong>Titlul proiectului<\/strong>:\u00a0<strong>START pentru egalitatea de sanse <\/strong><strong>a persoanelor cu dizabilitati pe piata muncii<\/strong><\/p>\n<p><strong>Numar identificare proiect: ID 2322, Contract nr.POSDRU\/15\/ 6.2\/S\/2<\/strong><\/p>\n<p><strong>Axa prioritara<\/strong> 6. Promovarea incluziunii sociale<\/p>\n<p><strong>Domeniul major de interventie<\/strong> 6.2 Imbunatatirea accesului si participarii grupurilor vulnerabile pe piata muncii<\/p>\n<p><strong>Finantator<\/strong>: Fondul Social European \u2013 Programul Operational Sectorial Dezvoltarea Resurselor Umane 2007 \u2013 2013 \u2013 Investeste in oameni!<\/p>\n<p><strong>Organizatia beneficiara<\/strong>: Fundatia Motivation Romania<\/p>\n<p><strong>Parteneri<\/strong>: Shaw Trust si Societatea Academica din Romania<\/p>\n<p>Obiectiv general: Facilitarea accesului persoanelor cu dizabilitati pe piata muncii prin intermediul unui parteneriat trans-national care sa creeze o retea de 3 Centre Regionale de Incluziune Sociala si Angajare a persoanelor cu dizabilitati in Regiunile Nord-Vest, Nord-Est si Sud-Vest. Programul isi propune sa creeze servicii de calitate in domeniul motivarii, consilierii, medierii, accesibilizarii si asistarii post-angajare a 1.400 de persoane cu dizabilitati pe piata muncii.<\/p>\n<p>Activitati (selectie):<\/p>\n<p>&#8211;\u00a0\u00a0\u00a0\u00a0\u00a0\u00a0\u00a0\u00a0 realizarea unei cercetari sociologice pentru a identifica motivatiile si piedicile in calea angajarii persoanelor cu dizabilitati si a elabora propuneri de modificari ale politicilor in domeniu (in parteneriat cu Societatea Academica din Romania)<\/p>\n<p>&#8211;\u00a0\u00a0\u00a0\u00a0\u00a0\u00a0\u00a0\u00a0 crearea unei retele de 3 Centre Regionale de Incluziune Sociala si Angajare in Regiunile Nord-Est (judetul Neamt), Nord-Vest (judetul Bihor) si Sud-Vest (judetul Mehedinti)<\/p>\n<p>&#8211;\u00a0\u00a0\u00a0\u00a0\u00a0\u00a0\u00a0\u00a0 furnizarea de servicii de consiliere si mediere a angajarii pentru 1.400 de persoane cu dizabilitati in colaborare cu Agentiile Judetene de Ocupare a Fortei de Munca (AJOFM) si Directiile Generale de Asistenta Sociala si Protectia Copilului (DGASPC) din judetele tinta<\/p>\n<p>&#8211;\u00a0\u00a0\u00a0\u00a0\u00a0\u00a0\u00a0\u00a0 servicii de informare, mediere, recrutare de personal cu dizabilitati si servicii post-angajare pentru peste 300 de angajatori<\/p>\n<p>&#8211;\u00a0\u00a0\u00a0\u00a0\u00a0\u00a0\u00a0\u00a0 schimb de experienta cu Shaw Trust (organizatie britanica specializata in plasarea persoanelor dezavantajate pe piata muncii)<\/p>\n<p>In cadrul proiectului, Motivation si Societatea Academica din Romania (SAR) au lansat Studiul<strong>&#8220;<a href=\"http:\/\/www.motivation.ro\/en\/uploads\/studii%20SAR\/Accesul%20la%20piata%20muncii%20redus%20pentru%20persoanele%20cu%20dizabilitati.pdf\" target=\"_blank\">Accesul la piata muncii redus pentru persoanele cu dizabilitati<\/a>&#8220;<\/strong>, care prezinta situatia din tara noastra referitor la aceasta categorie de persoane. De asemenea, \u00a0expertii SAR impreuna cu colaboratorii Motivation au realizat Raportul\u00a0<a href=\"http:\/\/www.motivation.ro\/en\/uploads\/studii%20SAR\/Diagnostic%20exclus%20de%20pe%20piata%20muncii.pdf\" target=\"_blank\">Diagnostic: EXCLUS DE PE PIA\u0162A MUNCII. Piedici \u00een ocuparea persoanelor cu dizabilit\u0103\u0163i \u00een Rom\u00e2nia.<\/a><\/p>\n<p>Vezi film <a href=\"http:\/\/www.youtube.com\/watch?v=-Tkkz4Mq5Lw\" target=\"_blank\">aici<\/a>.<\/p>\n<p><strong>Persoana de contact:<\/strong> Gabi Comanescu, manager proiect, g<a href=\"mailto:g.comanescu@motivation.ro\/en\">.comanescu@motivation.ro\/en<\/a>.<\/p>\n<p><em>Continutul acestui material nu reprezinta in mod obligatoriu pozitia oficiala a Uniunii Europene sau a Guvernului Romaniei.<\/em><\/p>\n","protected":false},"excerpt":{"rendered":"<p>&nbsp; Titlul proiectului:\u00a0START pentru egalitatea de sanse a persoanelor cu dizabilitati pe piata muncii Numar identificare proiect: ID 2322, Contract nr.POSDRU\/15\/ 6.2\/S\/2 Axa prioritara 6. Promovarea incluziunii sociale Domeniul major de interventie 6.2 Imbunatatirea accesului si participarii grupurilor vulnerabile pe piata muncii Finantator: Fondul Social European \u2013 Programul Operational Sectorial Dezvoltarea Resurselor Umane 2007 \u2013&#8230;<\/p>\n","protected":false},"author":1,"featured_media":0,"parent":204,"menu_order":0,"comment_status":"closed","ping_status":"closed","template":"","meta":{"footnotes":""},"class_list":["post-222","page","type-page","status-publish","hentry"],"yoast_head":"<!-- This site is optimized with the Yoast SEO plugin v27.1.1 - https:\/\/yoast.com\/product\/yoast-seo-wordpress\/ -->\n<title>START for equal opportunity for people with disabilities in the world of work - Motivation Romania NGO<\/title>\n<meta name=\"robots\" content=\"index, follow, max-snippet:-1, max-image-preview:large, max-video-preview:-1\" \/>\n<link rel=\"canonical\" href=\"https:\/\/motivation.ro\/en\/employment-vulnerable-groups\/start-equal-opportunity-people-disabilities-world-work\/\" \/>\n<meta property=\"og:locale\" content=\"en_US\" \/>\n<meta property=\"og:type\" content=\"article\" \/>\n<meta property=\"og:title\" content=\"START for equal opportunity for people with disabilities in the world of work - Motivation Romania NGO\" \/>\n<meta property=\"og:description\" content=\"&nbsp; Titlul proiectului:\u00a0START pentru egalitatea de sanse a persoanelor cu dizabilitati pe piata muncii Numar identificare proiect: ID 2322, Contract nr.POSDRU\/15\/ 6.2\/S\/2 Axa prioritara 6. Promovarea incluziunii sociale Domeniul major de interventie 6.2 Imbunatatirea accesului si participarii grupurilor vulnerabile pe piata muncii Finantator: Fondul Social European \u2013 Programul Operational Sectorial Dezvoltarea Resurselor Umane 2007 \u2013...\" \/>\n<meta property=\"og:url\" content=\"https:\/\/motivation.ro\/en\/employment-vulnerable-groups\/start-equal-opportunity-people-disabilities-world-work\/\" \/>\n<meta property=\"og:site_name\" content=\"Motivation Romania NGO\" \/>\n<meta property=\"article:publisher\" content=\"https:\/\/www.facebook.com\/FundatiaMotivationRomania\" \/>\n<meta property=\"article:modified_time\" content=\"2016-02-23T11:41:35+00:00\" \/>\n<meta property=\"og:image\" content=\"http:\/\/www.motivation.ro\/en\/uploads\/images\/Posdru_nord_est.jpg\" \/>\n<meta name=\"twitter:card\" content=\"summary_large_image\" \/>\n<meta name=\"twitter:label1\" content=\"Est. reading time\" \/>\n\t<meta name=\"twitter:data1\" content=\"2 minutes\" \/>\n<script type=\"application\/ld+json\" class=\"yoast-schema-graph\">{\"@context\":\"https:\/\/schema.org\",\"@graph\":[{\"@type\":\"WebPage\",\"@id\":\"https:\/\/motivation.ro\/en\/employment-vulnerable-groups\/start-equal-opportunity-people-disabilities-world-work\/\",\"url\":\"https:\/\/motivation.ro\/en\/employment-vulnerable-groups\/start-equal-opportunity-people-disabilities-world-work\/\",\"name\":\"START for equal opportunity for people with disabilities in the world of work - Motivation Romania NGO\",\"isPartOf\":{\"@id\":\"https:\/\/motivation.ro\/en\/#website\"},\"primaryImageOfPage\":{\"@id\":\"https:\/\/motivation.ro\/en\/employment-vulnerable-groups\/start-equal-opportunity-people-disabilities-world-work\/#primaryimage\"},\"image\":{\"@id\":\"https:\/\/motivation.ro\/en\/employment-vulnerable-groups\/start-equal-opportunity-people-disabilities-world-work\/#primaryimage\"},\"thumbnailUrl\":\"http:\/\/www.motivation.ro\/en\/uploads\/images\/Posdru_nord_est.jpg\",\"datePublished\":\"2015-12-09T11:22:24+00:00\",\"dateModified\":\"2016-02-23T11:41:35+00:00\",\"breadcrumb\":{\"@id\":\"https:\/\/motivation.ro\/en\/employment-vulnerable-groups\/start-equal-opportunity-people-disabilities-world-work\/#breadcrumb\"},\"inLanguage\":\"en-US\",\"potentialAction\":[{\"@type\":\"ReadAction\",\"target\":[\"https:\/\/motivation.ro\/en\/employment-vulnerable-groups\/start-equal-opportunity-people-disabilities-world-work\/\"]}]},{\"@type\":\"ImageObject\",\"inLanguage\":\"en-US\",\"@id\":\"https:\/\/motivation.ro\/en\/employment-vulnerable-groups\/start-equal-opportunity-people-disabilities-world-work\/#primaryimage\",\"url\":\"http:\/\/www.motivation.ro\/en\/uploads\/images\/Posdru_nord_est.jpg\",\"contentUrl\":\"http:\/\/www.motivation.ro\/en\/uploads\/images\/Posdru_nord_est.jpg\"},{\"@type\":\"BreadcrumbList\",\"@id\":\"https:\/\/motivation.ro\/en\/employment-vulnerable-groups\/start-equal-opportunity-people-disabilities-world-work\/#breadcrumb\",\"itemListElement\":[{\"@type\":\"ListItem\",\"position\":1,\"name\":\"Home\",\"item\":\"https:\/\/motivation.ro\/en\/\"},{\"@type\":\"ListItem\",\"position\":2,\"name\":\"Employment for vulnerable groups\",\"item\":\"https:\/\/motivation.ro\/en\/employment-vulnerable-groups\/\"},{\"@type\":\"ListItem\",\"position\":3,\"name\":\"START for equal opportunity for people with disabilities in the world of work\"}]},{\"@type\":\"WebSite\",\"@id\":\"https:\/\/motivation.ro\/en\/#website\",\"url\":\"https:\/\/motivation.ro\/en\/\",\"name\":\"Motivation Romania NGO\",\"description\":\"FMR\",\"publisher\":{\"@id\":\"https:\/\/motivation.ro\/en\/#organization\"},\"potentialAction\":[{\"@type\":\"SearchAction\",\"target\":{\"@type\":\"EntryPoint\",\"urlTemplate\":\"https:\/\/motivation.ro\/en\/?s={search_term_string}\"},\"query-input\":{\"@type\":\"PropertyValueSpecification\",\"valueRequired\":true,\"valueName\":\"search_term_string\"}}],\"inLanguage\":\"en-US\"},{\"@type\":\"Organization\",\"@id\":\"https:\/\/motivation.ro\/en\/#organization\",\"name\":\"Fundatia Motivation Romania\",\"url\":\"https:\/\/motivation.ro\/en\/\",\"logo\":{\"@type\":\"ImageObject\",\"inLanguage\":\"en-US\",\"@id\":\"https:\/\/motivation.ro\/en\/#\/schema\/logo\/image\/\",\"url\":\"https:\/\/motivation.ro\/en\/wp-content\/uploads\/sites\/10\/2015\/12\/logo_mot_shadow.png\",\"contentUrl\":\"https:\/\/motivation.ro\/en\/wp-content\/uploads\/sites\/10\/2015\/12\/logo_mot_shadow.png\",\"width\":350,\"height\":84,\"caption\":\"Fundatia Motivation Romania\"},\"image\":{\"@id\":\"https:\/\/motivation.ro\/en\/#\/schema\/logo\/image\/\"},\"sameAs\":[\"https:\/\/www.facebook.com\/FundatiaMotivationRomania\"]}]}<\/script>\n<!-- \/ Yoast SEO plugin. -->","yoast_head_json":{"title":"START for equal opportunity for people with disabilities in the world of work - Motivation Romania NGO","robots":{"index":"index","follow":"follow","max-snippet":"max-snippet:-1","max-image-preview":"max-image-preview:large","max-video-preview":"max-video-preview:-1"},"canonical":"https:\/\/motivation.ro\/en\/employment-vulnerable-groups\/start-equal-opportunity-people-disabilities-world-work\/","og_locale":"en_US","og_type":"article","og_title":"START for equal opportunity for people with disabilities in the world of work - Motivation Romania NGO","og_description":"&nbsp; Titlul proiectului:\u00a0START pentru egalitatea de sanse a persoanelor cu dizabilitati pe piata muncii Numar identificare proiect: ID 2322, Contract nr.POSDRU\/15\/ 6.2\/S\/2 Axa prioritara 6. Promovarea incluziunii sociale Domeniul major de interventie 6.2 Imbunatatirea accesului si participarii grupurilor vulnerabile pe piata muncii Finantator: Fondul Social European \u2013 Programul Operational Sectorial Dezvoltarea Resurselor Umane 2007 \u2013...","og_url":"https:\/\/motivation.ro\/en\/employment-vulnerable-groups\/start-equal-opportunity-people-disabilities-world-work\/","og_site_name":"Motivation Romania NGO","article_publisher":"https:\/\/www.facebook.com\/FundatiaMotivationRomania","article_modified_time":"2016-02-23T11:41:35+00:00","og_image":[{"url":"http:\/\/www.motivation.ro\/en\/uploads\/images\/Posdru_nord_est.jpg","type":"","width":"","height":""}],"twitter_card":"summary_large_image","twitter_misc":{"Est. reading time":"2 minutes"},"schema":{"@context":"https:\/\/schema.org","@graph":[{"@type":"WebPage","@id":"https:\/\/motivation.ro\/en\/employment-vulnerable-groups\/start-equal-opportunity-people-disabilities-world-work\/","url":"https:\/\/motivation.ro\/en\/employment-vulnerable-groups\/start-equal-opportunity-people-disabilities-world-work\/","name":"START for equal opportunity for people with disabilities in the world of work - Motivation Romania NGO","isPartOf":{"@id":"https:\/\/motivation.ro\/en\/#website"},"primaryImageOfPage":{"@id":"https:\/\/motivation.ro\/en\/employment-vulnerable-groups\/start-equal-opportunity-people-disabilities-world-work\/#primaryimage"},"image":{"@id":"https:\/\/motivation.ro\/en\/employment-vulnerable-groups\/start-equal-opportunity-people-disabilities-world-work\/#primaryimage"},"thumbnailUrl":"http:\/\/www.motivation.ro\/en\/uploads\/images\/Posdru_nord_est.jpg","datePublished":"2015-12-09T11:22:24+00:00","dateModified":"2016-02-23T11:41:35+00:00","breadcrumb":{"@id":"https:\/\/motivation.ro\/en\/employment-vulnerable-groups\/start-equal-opportunity-people-disabilities-world-work\/#breadcrumb"},"inLanguage":"en-US","potentialAction":[{"@type":"ReadAction","target":["https:\/\/motivation.ro\/en\/employment-vulnerable-groups\/start-equal-opportunity-people-disabilities-world-work\/"]}]},{"@type":"ImageObject","inLanguage":"en-US","@id":"https:\/\/motivation.ro\/en\/employment-vulnerable-groups\/start-equal-opportunity-people-disabilities-world-work\/#primaryimage","url":"http:\/\/www.motivation.ro\/en\/uploads\/images\/Posdru_nord_est.jpg","contentUrl":"http:\/\/www.motivation.ro\/en\/uploads\/images\/Posdru_nord_est.jpg"},{"@type":"BreadcrumbList","@id":"https:\/\/motivation.ro\/en\/employment-vulnerable-groups\/start-equal-opportunity-people-disabilities-world-work\/#breadcrumb","itemListElement":[{"@type":"ListItem","position":1,"name":"Home","item":"https:\/\/motivation.ro\/en\/"},{"@type":"ListItem","position":2,"name":"Employment for vulnerable groups","item":"https:\/\/motivation.ro\/en\/employment-vulnerable-groups\/"},{"@type":"ListItem","position":3,"name":"START for equal opportunity for people with disabilities in the world of work"}]},{"@type":"WebSite","@id":"https:\/\/motivation.ro\/en\/#website","url":"https:\/\/motivation.ro\/en\/","name":"Motivation Romania NGO","description":"FMR","publisher":{"@id":"https:\/\/motivation.ro\/en\/#organization"},"potentialAction":[{"@type":"SearchAction","target":{"@type":"EntryPoint","urlTemplate":"https:\/\/motivation.ro\/en\/?s={search_term_string}"},"query-input":{"@type":"PropertyValueSpecification","valueRequired":true,"valueName":"search_term_string"}}],"inLanguage":"en-US"},{"@type":"Organization","@id":"https:\/\/motivation.ro\/en\/#organization","name":"Fundatia Motivation Romania","url":"https:\/\/motivation.ro\/en\/","logo":{"@type":"ImageObject","inLanguage":"en-US","@id":"https:\/\/motivation.ro\/en\/#\/schema\/logo\/image\/","url":"https:\/\/motivation.ro\/en\/wp-content\/uploads\/sites\/10\/2015\/12\/logo_mot_shadow.png","contentUrl":"https:\/\/motivation.ro\/en\/wp-content\/uploads\/sites\/10\/2015\/12\/logo_mot_shadow.png","width":350,"height":84,"caption":"Fundatia Motivation Romania"},"image":{"@id":"https:\/\/motivation.ro\/en\/#\/schema\/logo\/image\/"},"sameAs":["https:\/\/www.facebook.com\/FundatiaMotivationRomania"]}]}},"_links":{"self":[{"href":"https:\/\/motivation.ro\/en\/wp-json\/wp\/v2\/pages\/222","targetHints":{"allow":["GET"]}}],"collection":[{"href":"https:\/\/motivation.ro\/en\/wp-json\/wp\/v2\/pages"}],"about":[{"href":"https:\/\/motivation.ro\/en\/wp-json\/wp\/v2\/types\/page"}],"author":[{"embeddable":true,"href":"https:\/\/motivation.ro\/en\/wp-json\/wp\/v2\/users\/1"}],"replies":[{"embeddable":true,"href":"https:\/\/motivation.ro\/en\/wp-json\/wp\/v2\/comments?post=222"}],"version-history":[{"count":2,"href":"https:\/\/motivation.ro\/en\/wp-json\/wp\/v2\/pages\/222\/revisions"}],"predecessor-version":[{"id":2378,"href":"https:\/\/motivation.ro\/en\/wp-json\/wp\/v2\/pages\/222\/revisions\/2378"}],"up":[{"embeddable":true,"href":"https:\/\/motivation.ro\/en\/wp-json\/wp\/v2\/pages\/204"}],"wp:attachment":[{"href":"https:\/\/motivation.ro\/en\/wp-json\/wp\/v2\/media?parent=222"}],"curies":[{"name":"wp","href":"https:\/\/api.w.org\/{rel}","templated":true}]}}