{"id":279,"date":"2015-12-09T13:54:08","date_gmt":"2015-12-09T11:54:08","guid":{"rendered":"http:\/\/motivation.ro\/en\/?page_id=279"},"modified":"2018-09-24T16:05:21","modified_gmt":"2018-09-24T13:05:21","slug":"media-appearances","status":"publish","type":"page","link":"https:\/\/motivation.ro\/en\/media-appearances\/","title":{"rendered":"Media appearances"},"content":{"rendered":"<style type=\"text\/css\"><\/style><h2><\/h2>\n<p><a href=\"http:\/\/www.tvrplus.ro\/editie-dosar-romania-155183\">Dosar Rom\u00e2nia: Ro\u021bile Schimb\u0103rii<\/a> &#8211; TVR 1<\/p>\n<p><strong><a href=\"http:\/\/www.evz.ro\/detalii\/stiri\/1050390.html\" target=\"_blank\" rel=\"noopener\">Via\u0163a \u00een scaunul cu rotile: &#8220;Colegii mei imobiliza\u0163i m-au readus la via\u0163\u0103&#8221;<\/a> &#8211; Evenimentul Zilei<\/strong><\/p>\n<p><a href=\"http:\/\/www.turnulsfatului.ro\/20059\/baschet-in-scaun-rulant-poveste-despre-curaj-sport-si-viata.html\" target=\"_blank\" rel=\"noopener\">10 sibieni \u00een scaun rulant vorbesc despre <\/a><strong><a href=\"http:\/\/www.turnulsfatului.ro\/20059\/baschet-in-scaun-rulant-poveste-despre-curaj-sport-si-viata.html\" target=\"_blank\" rel=\"noopener\">curaj, sport \u0219i via\u021b\u0103<\/a> &#8211;\u00a0<strong>Turnul Sfatului, Sibiu<\/strong><\/strong><\/p>\n<p><strong><strong><a href=\"http:\/\/zch.ro\/?p=10957\" target=\"_blank\" rel=\"noopener\">Prima edi\u021bie a Cupei Motivation de baschet \u00een scaun rulant<\/a> <\/strong>\u2013 Ceahl\u0103ul<\/strong><\/p>\n<p><strong><strong><a href=\"http:\/\/www.digi24.ro\/stire\/O-lectie-de-viata_91079\" target=\"_blank\" rel=\"noopener\">O lec\u021bie de via\u021b\u0103<\/a> <\/strong>\u2013 Digi24<\/strong><\/p>\n<p><strong><a href=\"http:\/\/ziaruloval.ro\/stadionul-ilie-oana-din-ploiesti-a-primit-marca-accesibilitatii\/\" target=\"_blank\" rel=\"noopener\">Stadionul Ilie Oan\u0103, certificat de Motivation cu Marca Accesibilit\u0103\u021bii <\/a><strong>\u2013 Ziarul Oval<\/strong><\/strong><\/p>\n<p><strong><a href=\"http:\/\/www.rtv.net\/lupta-zilnic-cu-nepasarea-vezi-povestea-unei-tinere-imobilizate-in-scaunul-rulant_63823.html\" target=\"_blank\" rel=\"noopener\">Erika Garnier, o lec\u0163ie de via\u0163\u0103 normal\u0103<\/a> <strong>\u2013 RTV.net<\/strong><\/strong><\/p>\n<p><strong><a href=\"http:\/\/www.cariereonline.ro\/articol\/dincolo-de-handicap-suntem-oameni-normali\" target=\"_blank\" rel=\"noopener\">Dincolo de handicap, suntem oameni normali<\/a> <strong>\u2013 Cariere<\/strong><\/strong><\/p>\n<p><a href=\"http:\/\/www.csrmedia.ro\/motivation-a-lansat-harta-accesibilitatii-pentru-cei-cu-dizabilitati-locomotorii\/\" target=\"_blank\" rel=\"noopener\"><strong>Motivation a lansat Harta Accesibilit\u0103\u021bii pentru cei cu dizabilitati locomotorii<\/strong> <\/a>\u2013\u00a0<strong>CSRmedia.ro<\/strong><\/p>\n<p><strong><a href=\"http:\/\/www.agerpres.ro\/media\/index.php\/cultura\/item\/162412-Biblioteca-Nationala-a-Romaniei-a-primit-certificatul-de-accesibilitate-pentru-persoane-cu-dizabilitati.html\" target=\"_blank\" rel=\"noopener\">Biblioteca Na\u021bional\u0103 a Rom\u00e2niei, prima institu\u021bie care prime\u0219te Marca Accesibilit\u0103\u021bii<\/a> \u2013\u00a0<strong>Agerpres<\/strong><\/strong><\/p>\n<p><strong><a href=\"http:\/\/www.activewatch.ro\/ro\/ultimele-noutati\/premii-pentru-curaj-la-gala-persoanelor-cu-dizabilitati-accesibilizati-libertatea\" target=\"_blank\" rel=\"noopener\">Premii pentru curaj la Gala Persoanelor cu Dizabilit\u0103\u021bi 2012<\/a> <strong>\u2013 ActiveWatch.ro<\/strong><\/strong><\/p>\n<p><strong><a href=\"http:\/\/www.digi24.ro\/stire\/JURNAL-PENTRU-COPII-Drepturile-copiilor-cu-dizabilitati_50211\" target=\"_blank\" rel=\"noopener\">Drepturile copiilor cu dizabilit\u0103\u021bi<\/a> <strong>\u2013 Digi24<\/strong><\/strong><\/p>\n<p><strong><a href=\"http:\/\/www.csrmedia.ro\/vodafone-a-sprijinit-competitia-de-inot-organizata-de-fundatia-motivation\/\" target=\"_blank\" rel=\"noopener\">Competi\u021bia de \u00eenot Motivation \u2013 Vodafone, la a treia edi\u021bie<\/a> <strong>\u2013 CSRmedia.ro<\/strong><\/strong><\/p>\n<p><a href=\"http:\/\/www.romania-actualitati.ro\/targ_de_munca_pentru_persoanele_cu_dizabilitati-39837\" target=\"_blank\" rel=\"noopener\"><strong>T\u00e2rg de munc\u0103 pentru persoanele cu dizabilit\u0103\u021bi<\/strong> <strong>organizat de Motivation<\/strong><\/a> <strong>\u2013 Radio Rom\u00e2nia Actualit\u0103\u021bi<\/strong><\/p>\n<p><strong><a href=\"http:\/\/startevo.com\/cristian-ispas\/\" target=\"_blank\" rel=\"noopener\">Cristian Ispas@StartEvo: Suntem furnizori de speran\u021b\u0103<\/a> <strong>\u2013 StartEvo.ro<\/strong><\/strong><\/p>\n<p><strong><a href=\"http:\/\/www.changemakers.ro\/blog\/?p=94\" target=\"_blank\" rel=\"noopener\">Motivation, partener Changemakers<\/a> <\/strong><strong>\u2013 Changemakers.ro<\/strong><\/p>\n<p><strong><a href=\"http:\/\/www.mediafax.ro\/social\/presedintele-motivation-30-milioane-de-euro-necolectati-de-la-angajatori-care-nu-incadreaza-persoane-cu-handicap-8856511\" target=\"_blank\" rel=\"noopener\">Angajatorii cu peste 50 de angaja\u0163i ar trebui s\u0103 pl\u0103teasc\u0103 50% din salariul de baz\u0103 minim brut pe \u0163ar\u0103 pentru fiecare loc de munc\u0103 pentru persoane cu handicap neocupat<\/a><strong>&#8211; Mediafax<\/strong><\/strong><\/p>\n<p><strong><a href=\"http:\/\/adevarul.ro\/news\/societate\/o-idee-nobel--devenit-afacere-romania-1_50adaad07c42d5a66398ecb0\/index.html\" target=\"_blank\" rel=\"noopener\">O idee de Nobel devine afacere social\u0103 <\/a><strong>\u2013 Adev\u0103rul<\/strong><\/strong><\/p>\n<p><strong><a href=\"http:\/\/www.stiriong.ro\/actualitate\/societatea-civila-sub-lupa\/fundatia-motivation-o-sansa-pentru-pers\" target=\"_blank\" rel=\"noopener\">Funda\u021bia Motivation, o \u0219ans\u0103 pentru persoanele cu dizabilit\u0103\u021bi<\/a> <strong>\u2013 StiriONG.ro<\/strong><\/strong><\/p>\n<p><strong><a href=\"http:\/\/www.romaniapozitiva.ro\/tara-romaneasca\/fundatia-motivation-romania-propune-crearea-unui-fond-unic-pentru-stimularea-angajarii-persoanelor-cu-dizabilitati\/\" target=\"_blank\" rel=\"noopener\">Funda\u021bia Motivation propune crearea unui fond unic pentru stimularea angaj\u0103rii persoanelor cu dizabilit\u0103\u021bi<\/a> <strong>\u2013 RomaniaPozitiva.ro<\/strong><\/strong><\/p>\n<p><strong><a href=\"http:\/\/www.romania-actualitati.ro\/sprijinul_pentru_persoanele_cu_handicap_locomotor_insuficient-21856\" target=\"_blank\" rel=\"noopener\">Motivation: sprijinul pentru persoanele cu handicap locomotor e insuficient<\/a> <strong>\u2013 Radio Rom\u00e2nia Actualit\u0103\u021bi<\/strong><\/strong><\/p>\n<p><strong><a href=\"http:\/\/www.romanialibera.ro\/bani-afaceri\/angajari\/persoanele-cu-dizabilitati-sunt-angajati-mai-loiali-205061.html\" target=\"_blank\" rel=\"noopener\">Persoanele cu dizabilit\u0103\u021bi sunt angaja\u021bi mai loiali<\/a> <strong>\u2013 Romania Liber\u0103<\/strong><\/strong><\/p>\n<p><strong><a href=\"http:\/\/www.romaniapozitiva.ro\/featured\/lupta-cu-%e2%80%9cdizabilitatea%e2%80%9d-este-una-morala-pentru-ca-este-o-lupta-de-a-ne-convinge-sa-i-tratam-la-fel-pe-cei-care-par-altfel-cristi-ispas-fundatia-motivation\/\" target=\"_blank\" rel=\"noopener\">Lupta cu dizabilitatea este una moral\u0103<\/a> <strong>\u2013 RomaniaPozitiva.ro<\/strong><\/strong><\/p>\n<p><strong><a href=\"http:\/\/www.evz.ro\/detalii\/stiri\/tineri-cu-dizabilitati-se-muta-in-casa-noua-provocarea-sa-fie-independenti-897328.html\" target=\"_blank\" rel=\"noopener\">Tineri cu dizabilit\u0103\u021bi se mut\u0103 \u00een cas\u0103 nou\u0103. Provocarea \u2013 s\u0103 fie independen\u021bi.<\/a> <strong>\u2013 Evenimentul Zilei<\/strong><\/strong><\/p>\n","protected":false},"excerpt":{"rendered":"<p>Dosar Rom\u00e2nia: Ro\u021bile Schimb\u0103rii &#8211; TVR 1 Via\u0163a \u00een scaunul cu rotile: &#8220;Colegii mei imobiliza\u0163i m-au readus la via\u0163\u0103&#8221; &#8211; Evenimentul Zilei 10 sibieni \u00een scaun rulant vorbesc despre curaj, sport \u0219i via\u021b\u0103 &#8211;\u00a0Turnul Sfatului, Sibiu Prima edi\u021bie a Cupei Motivation de baschet \u00een scaun rulant \u2013 Ceahl\u0103ul O lec\u021bie de via\u021b\u0103 \u2013 Digi24 Stadionul&#8230;<\/p>\n","protected":false},"author":1,"featured_media":0,"parent":0,"menu_order":0,"comment_status":"closed","ping_status":"closed","template":"","meta":{"footnotes":""},"class_list":["post-279","page","type-page","status-publish","hentry"],"yoast_head":"<!-- This site is optimized with the Yoast SEO plugin v27.1.1 - https:\/\/yoast.com\/product\/yoast-seo-wordpress\/ -->\n<title>Media appearances - Motivation Romania NGO<\/title>\n<meta name=\"robots\" content=\"index, follow, max-snippet:-1, max-image-preview:large, max-video-preview:-1\" \/>\n<link rel=\"canonical\" href=\"https:\/\/motivation.ro\/en\/media-appearances\/\" \/>\n<meta property=\"og:locale\" content=\"en_US\" \/>\n<meta property=\"og:type\" content=\"article\" \/>\n<meta property=\"og:title\" content=\"Media appearances - Motivation Romania NGO\" \/>\n<meta property=\"og:description\" content=\"Dosar Rom\u00e2nia: Ro\u021bile Schimb\u0103rii &#8211; TVR 1 Via\u0163a \u00een scaunul cu rotile: &#8220;Colegii mei imobiliza\u0163i m-au readus la via\u0163\u0103&#8221; &#8211; Evenimentul Zilei 10 sibieni \u00een scaun rulant vorbesc despre curaj, sport \u0219i via\u021b\u0103 &#8211;\u00a0Turnul Sfatului, Sibiu Prima edi\u021bie a Cupei Motivation de baschet \u00een scaun rulant \u2013 Ceahl\u0103ul O lec\u021bie de via\u021b\u0103 \u2013 Digi24 Stadionul...\" \/>\n<meta property=\"og:url\" content=\"https:\/\/motivation.ro\/en\/media-appearances\/\" \/>\n<meta property=\"og:site_name\" content=\"Motivation Romania NGO\" \/>\n<meta property=\"article:publisher\" content=\"https:\/\/www.facebook.com\/FundatiaMotivationRomania\" \/>\n<meta property=\"article:modified_time\" content=\"2018-09-24T13:05:21+00:00\" \/>\n<meta name=\"twitter:card\" content=\"summary_large_image\" \/>\n<meta name=\"twitter:label1\" content=\"Est. reading time\" \/>\n\t<meta name=\"twitter:data1\" content=\"1 minute\" \/>\n<script type=\"application\/ld+json\" class=\"yoast-schema-graph\">{\"@context\":\"https:\/\/schema.org\",\"@graph\":[{\"@type\":\"WebPage\",\"@id\":\"https:\/\/motivation.ro\/en\/media-appearances\/\",\"url\":\"https:\/\/motivation.ro\/en\/media-appearances\/\",\"name\":\"Media appearances - Motivation Romania NGO\",\"isPartOf\":{\"@id\":\"https:\/\/motivation.ro\/en\/#website\"},\"datePublished\":\"2015-12-09T11:54:08+00:00\",\"dateModified\":\"2018-09-24T13:05:21+00:00\",\"breadcrumb\":{\"@id\":\"https:\/\/motivation.ro\/en\/media-appearances\/#breadcrumb\"},\"inLanguage\":\"en-US\",\"potentialAction\":[{\"@type\":\"ReadAction\",\"target\":[\"https:\/\/motivation.ro\/en\/media-appearances\/\"]}]},{\"@type\":\"BreadcrumbList\",\"@id\":\"https:\/\/motivation.ro\/en\/media-appearances\/#breadcrumb\",\"itemListElement\":[{\"@type\":\"ListItem\",\"position\":1,\"name\":\"Home\",\"item\":\"https:\/\/motivation.ro\/en\/\"},{\"@type\":\"ListItem\",\"position\":2,\"name\":\"Media appearances\"}]},{\"@type\":\"WebSite\",\"@id\":\"https:\/\/motivation.ro\/en\/#website\",\"url\":\"https:\/\/motivation.ro\/en\/\",\"name\":\"Motivation Romania NGO\",\"description\":\"FMR\",\"publisher\":{\"@id\":\"https:\/\/motivation.ro\/en\/#organization\"},\"potentialAction\":[{\"@type\":\"SearchAction\",\"target\":{\"@type\":\"EntryPoint\",\"urlTemplate\":\"https:\/\/motivation.ro\/en\/?s={search_term_string}\"},\"query-input\":{\"@type\":\"PropertyValueSpecification\",\"valueRequired\":true,\"valueName\":\"search_term_string\"}}],\"inLanguage\":\"en-US\"},{\"@type\":\"Organization\",\"@id\":\"https:\/\/motivation.ro\/en\/#organization\",\"name\":\"Fundatia Motivation Romania\",\"url\":\"https:\/\/motivation.ro\/en\/\",\"logo\":{\"@type\":\"ImageObject\",\"inLanguage\":\"en-US\",\"@id\":\"https:\/\/motivation.ro\/en\/#\/schema\/logo\/image\/\",\"url\":\"https:\/\/motivation.ro\/en\/wp-content\/uploads\/sites\/10\/2015\/12\/logo_mot_shadow.png\",\"contentUrl\":\"https:\/\/motivation.ro\/en\/wp-content\/uploads\/sites\/10\/2015\/12\/logo_mot_shadow.png\",\"width\":350,\"height\":84,\"caption\":\"Fundatia Motivation Romania\"},\"image\":{\"@id\":\"https:\/\/motivation.ro\/en\/#\/schema\/logo\/image\/\"},\"sameAs\":[\"https:\/\/www.facebook.com\/FundatiaMotivationRomania\"]}]}<\/script>\n<!-- \/ Yoast SEO plugin. -->","yoast_head_json":{"title":"Media appearances - Motivation Romania NGO","robots":{"index":"index","follow":"follow","max-snippet":"max-snippet:-1","max-image-preview":"max-image-preview:large","max-video-preview":"max-video-preview:-1"},"canonical":"https:\/\/motivation.ro\/en\/media-appearances\/","og_locale":"en_US","og_type":"article","og_title":"Media appearances - Motivation Romania NGO","og_description":"Dosar Rom\u00e2nia: Ro\u021bile Schimb\u0103rii &#8211; TVR 1 Via\u0163a \u00een scaunul cu rotile: &#8220;Colegii mei imobiliza\u0163i m-au readus la via\u0163\u0103&#8221; &#8211; Evenimentul Zilei 10 sibieni \u00een scaun rulant vorbesc despre curaj, sport \u0219i via\u021b\u0103 &#8211;\u00a0Turnul Sfatului, Sibiu Prima edi\u021bie a Cupei Motivation de baschet \u00een scaun rulant \u2013 Ceahl\u0103ul O lec\u021bie de via\u021b\u0103 \u2013 Digi24 Stadionul...","og_url":"https:\/\/motivation.ro\/en\/media-appearances\/","og_site_name":"Motivation Romania NGO","article_publisher":"https:\/\/www.facebook.com\/FundatiaMotivationRomania","article_modified_time":"2018-09-24T13:05:21+00:00","twitter_card":"summary_large_image","twitter_misc":{"Est. reading time":"1 minute"},"schema":{"@context":"https:\/\/schema.org","@graph":[{"@type":"WebPage","@id":"https:\/\/motivation.ro\/en\/media-appearances\/","url":"https:\/\/motivation.ro\/en\/media-appearances\/","name":"Media appearances - Motivation Romania NGO","isPartOf":{"@id":"https:\/\/motivation.ro\/en\/#website"},"datePublished":"2015-12-09T11:54:08+00:00","dateModified":"2018-09-24T13:05:21+00:00","breadcrumb":{"@id":"https:\/\/motivation.ro\/en\/media-appearances\/#breadcrumb"},"inLanguage":"en-US","potentialAction":[{"@type":"ReadAction","target":["https:\/\/motivation.ro\/en\/media-appearances\/"]}]},{"@type":"BreadcrumbList","@id":"https:\/\/motivation.ro\/en\/media-appearances\/#breadcrumb","itemListElement":[{"@type":"ListItem","position":1,"name":"Home","item":"https:\/\/motivation.ro\/en\/"},{"@type":"ListItem","position":2,"name":"Media appearances"}]},{"@type":"WebSite","@id":"https:\/\/motivation.ro\/en\/#website","url":"https:\/\/motivation.ro\/en\/","name":"Motivation Romania NGO","description":"FMR","publisher":{"@id":"https:\/\/motivation.ro\/en\/#organization"},"potentialAction":[{"@type":"SearchAction","target":{"@type":"EntryPoint","urlTemplate":"https:\/\/motivation.ro\/en\/?s={search_term_string}"},"query-input":{"@type":"PropertyValueSpecification","valueRequired":true,"valueName":"search_term_string"}}],"inLanguage":"en-US"},{"@type":"Organization","@id":"https:\/\/motivation.ro\/en\/#organization","name":"Fundatia Motivation Romania","url":"https:\/\/motivation.ro\/en\/","logo":{"@type":"ImageObject","inLanguage":"en-US","@id":"https:\/\/motivation.ro\/en\/#\/schema\/logo\/image\/","url":"https:\/\/motivation.ro\/en\/wp-content\/uploads\/sites\/10\/2015\/12\/logo_mot_shadow.png","contentUrl":"https:\/\/motivation.ro\/en\/wp-content\/uploads\/sites\/10\/2015\/12\/logo_mot_shadow.png","width":350,"height":84,"caption":"Fundatia Motivation Romania"},"image":{"@id":"https:\/\/motivation.ro\/en\/#\/schema\/logo\/image\/"},"sameAs":["https:\/\/www.facebook.com\/FundatiaMotivationRomania"]}]}},"_links":{"self":[{"href":"https:\/\/motivation.ro\/en\/wp-json\/wp\/v2\/pages\/279","targetHints":{"allow":["GET"]}}],"collection":[{"href":"https:\/\/motivation.ro\/en\/wp-json\/wp\/v2\/pages"}],"about":[{"href":"https:\/\/motivation.ro\/en\/wp-json\/wp\/v2\/types\/page"}],"author":[{"embeddable":true,"href":"https:\/\/motivation.ro\/en\/wp-json\/wp\/v2\/users\/1"}],"replies":[{"embeddable":true,"href":"https:\/\/motivation.ro\/en\/wp-json\/wp\/v2\/comments?post=279"}],"version-history":[{"count":6,"href":"https:\/\/motivation.ro\/en\/wp-json\/wp\/v2\/pages\/279\/revisions"}],"predecessor-version":[{"id":3502,"href":"https:\/\/motivation.ro\/en\/wp-json\/wp\/v2\/pages\/279\/revisions\/3502"}],"wp:attachment":[{"href":"https:\/\/motivation.ro\/en\/wp-json\/wp\/v2\/media?parent=279"}],"curies":[{"name":"wp","href":"https:\/\/api.w.org\/{rel}","templated":true}]}}