{"id":67,"date":"2015-12-09T11:44:59","date_gmt":"2015-12-09T09:44:59","guid":{"rendered":"http:\/\/motivation.ro\/en\/?page_id=67"},"modified":"2017-09-13T14:31:17","modified_gmt":"2017-09-13T11:31:17","slug":"adapted-sport","status":"publish","type":"page","link":"https:\/\/motivation.ro\/en\/programmes\/active-rehabilitation-independent-living\/adapted-sport\/","title":{"rendered":"Adapted sport"},"content":{"rendered":"<style type=\"text\/css\"><\/style><p>Wheelchair sports events are a celebration of mobility, performance and fair play in all their forms. We organize sporting events and participate in competitions to demonstrate the skills of people with disabilities. Athlete wheelchair users practice basketball, field tennis, athletics, archery and swimming.<\/p>\n<p><strong><a href=\"http:\/\/motivation.ro\/en\/wp-content\/uploads\/sites\/10\/2015\/12\/aprilie2015_baschet_scaun_rulant_fotoSorinPetculescu2rrrrr.jpg\"><img decoding=\"async\" class=\" wp-image-2877 alignleft\" src=\"http:\/\/motivation.ro\/en\/wp-content\/uploads\/sites\/10\/2015\/12\/aprilie2015_baschet_scaun_rulant_fotoSorinPetculescu2rrrrr-300x200.jpg\" alt=\"\" width=\"230\" height=\"153\" srcset=\"https:\/\/motivation.ro\/en\/wp-content\/uploads\/sites\/10\/2015\/12\/aprilie2015_baschet_scaun_rulant_fotoSorinPetculescu2rrrrr-300x200.jpg 300w, https:\/\/motivation.ro\/en\/wp-content\/uploads\/sites\/10\/2015\/12\/aprilie2015_baschet_scaun_rulant_fotoSorinPetculescu2rrrrr-768x512.jpg 768w, https:\/\/motivation.ro\/en\/wp-content\/uploads\/sites\/10\/2015\/12\/aprilie2015_baschet_scaun_rulant_fotoSorinPetculescu2rrrrr-1024x683.jpg 1024w, https:\/\/motivation.ro\/en\/wp-content\/uploads\/sites\/10\/2015\/12\/aprilie2015_baschet_scaun_rulant_fotoSorinPetculescu2rrrrr-580x387.jpg 580w, https:\/\/motivation.ro\/en\/wp-content\/uploads\/sites\/10\/2015\/12\/aprilie2015_baschet_scaun_rulant_fotoSorinPetculescu2rrrrr-860x573.jpg 860w, https:\/\/motivation.ro\/en\/wp-content\/uploads\/sites\/10\/2015\/12\/aprilie2015_baschet_scaun_rulant_fotoSorinPetculescu2rrrrr-1160x773.jpg 1160w\" sizes=\"(max-width: 230px) 100vw, 230px\" \/><\/a>Basketball in a wheelchair<\/strong>. Motivation team in wheelchair is a member of the Romanian Basketball Federation since 2002. Our athletes take part in numerous sports competitions and demonstrations. Demonstration events are organized alongside non-community members to demonstrate them that boundaries can be overcome and that skills matter. Also, with us there are volunteers from partner organizations, willing to test another type of basketball and game maneuvers, such as dribbling and panning from a wheelchair.<\/p>\n<p>&nbsp;<\/p>\n<p>&nbsp;<\/p>\n<p><strong><a href=\"http:\/\/motivation.ro\/en\/wp-content\/uploads\/sites\/10\/2015\/12\/Tenis-de-c\u00e2mp-\u00een-scaun-rulant-la-tab\u0103ra-organizat\u0103-\u00een-luna-octombrie-al\u0103turi-de-Ambasada-Statelor-Unite-ale-Americii-\u00een-Rom\u00e2niarrrrrrrrrrrrrrr.jpg\"><img decoding=\"async\" class=\" wp-image-2878 alignleft\" src=\"http:\/\/motivation.ro\/en\/wp-content\/uploads\/sites\/10\/2015\/12\/Tenis-de-c\u00e2mp-\u00een-scaun-rulant-la-tab\u0103ra-organizat\u0103-\u00een-luna-octombrie-al\u0103turi-de-Ambasada-Statelor-Unite-ale-Americii-\u00een-Rom\u00e2niarrrrrrrrrrrrrrr-300x200.jpg\" alt=\"\" width=\"228\" height=\"152\" srcset=\"https:\/\/motivation.ro\/en\/wp-content\/uploads\/sites\/10\/2015\/12\/Tenis-de-c\u00e2mp-\u00een-scaun-rulant-la-tab\u0103ra-organizat\u0103-\u00een-luna-octombrie-al\u0103turi-de-Ambasada-Statelor-Unite-ale-Americii-\u00een-Rom\u00e2niarrrrrrrrrrrrrrr-300x200.jpg 300w, https:\/\/motivation.ro\/en\/wp-content\/uploads\/sites\/10\/2015\/12\/Tenis-de-c\u00e2mp-\u00een-scaun-rulant-la-tab\u0103ra-organizat\u0103-\u00een-luna-octombrie-al\u0103turi-de-Ambasada-Statelor-Unite-ale-Americii-\u00een-Rom\u00e2niarrrrrrrrrrrrrrr-768x512.jpg 768w, https:\/\/motivation.ro\/en\/wp-content\/uploads\/sites\/10\/2015\/12\/Tenis-de-c\u00e2mp-\u00een-scaun-rulant-la-tab\u0103ra-organizat\u0103-\u00een-luna-octombrie-al\u0103turi-de-Ambasada-Statelor-Unite-ale-Americii-\u00een-Rom\u00e2niarrrrrrrrrrrrrrr-1024x682.jpg 1024w, https:\/\/motivation.ro\/en\/wp-content\/uploads\/sites\/10\/2015\/12\/Tenis-de-c\u00e2mp-\u00een-scaun-rulant-la-tab\u0103ra-organizat\u0103-\u00een-luna-octombrie-al\u0103turi-de-Ambasada-Statelor-Unite-ale-Americii-\u00een-Rom\u00e2niarrrrrrrrrrrrrrr-580x387.jpg 580w, https:\/\/motivation.ro\/en\/wp-content\/uploads\/sites\/10\/2015\/12\/Tenis-de-c\u00e2mp-\u00een-scaun-rulant-la-tab\u0103ra-organizat\u0103-\u00een-luna-octombrie-al\u0103turi-de-Ambasada-Statelor-Unite-ale-Americii-\u00een-Rom\u00e2niarrrrrrrrrrrrrrr-860x573.jpg 860w, https:\/\/motivation.ro\/en\/wp-content\/uploads\/sites\/10\/2015\/12\/Tenis-de-c\u00e2mp-\u00een-scaun-rulant-la-tab\u0103ra-organizat\u0103-\u00een-luna-octombrie-al\u0103turi-de-Ambasada-Statelor-Unite-ale-Americii-\u00een-Rom\u00e2niarrrrrrrrrrrrrrr-1160x773.jpg 1160w\" sizes=\"(max-width: 228px) 100vw, 228px\" \/><\/a>Tennis in the wheelchair<\/strong>. In 2009, we organized an international wheelchair tennis tournament, &#8220;<strong>Motivation Romania Open2009<\/strong>&#8220;, with ITF points. In 2015, we organized a sports field table tennis with the support of the United States Embassy in Bucharest and the State Department of the United States of America through the Sports United program. On this occasion, Paul Walker, the coach of the US Women&#8217;s Tennis Team in the US Chair and Karin Korb, the double Paralympic champion, has been training roller coaster for young wheelchair users.<\/p>\n<p>&nbsp;<\/p>\n<p>&nbsp;<\/p>\n<p><strong><a href=\"http:\/\/motivation.ro\/en\/wp-content\/uploads\/sites\/10\/2015\/12\/5.-\u00cen-2015-2-echipe-formate-din-reprezentan\u021bi-DB-Schenker-\u0219i-utilizatori-de-scaune-rulante-au-\u00eenotat-la-Swimathon-pentru-transporrrr.jpg\"><img decoding=\"async\" class=\" wp-image-2879 alignleft\" src=\"http:\/\/motivation.ro\/en\/wp-content\/uploads\/sites\/10\/2015\/12\/5.-\u00cen-2015-2-echipe-formate-din-reprezentan\u021bi-DB-Schenker-\u0219i-utilizatori-de-scaune-rulante-au-\u00eenotat-la-Swimathon-pentru-transporrrr-300x200.jpg\" alt=\"\" width=\"228\" height=\"152\" srcset=\"https:\/\/motivation.ro\/en\/wp-content\/uploads\/sites\/10\/2015\/12\/5.-\u00cen-2015-2-echipe-formate-din-reprezentan\u021bi-DB-Schenker-\u0219i-utilizatori-de-scaune-rulante-au-\u00eenotat-la-Swimathon-pentru-transporrrr-300x200.jpg 300w, https:\/\/motivation.ro\/en\/wp-content\/uploads\/sites\/10\/2015\/12\/5.-\u00cen-2015-2-echipe-formate-din-reprezentan\u021bi-DB-Schenker-\u0219i-utilizatori-de-scaune-rulante-au-\u00eenotat-la-Swimathon-pentru-transporrrr-768x512.jpg 768w, https:\/\/motivation.ro\/en\/wp-content\/uploads\/sites\/10\/2015\/12\/5.-\u00cen-2015-2-echipe-formate-din-reprezentan\u021bi-DB-Schenker-\u0219i-utilizatori-de-scaune-rulante-au-\u00eenotat-la-Swimathon-pentru-transporrrr-1024x682.jpg 1024w, https:\/\/motivation.ro\/en\/wp-content\/uploads\/sites\/10\/2015\/12\/5.-\u00cen-2015-2-echipe-formate-din-reprezentan\u021bi-DB-Schenker-\u0219i-utilizatori-de-scaune-rulante-au-\u00eenotat-la-Swimathon-pentru-transporrrr-580x386.jpg 580w, https:\/\/motivation.ro\/en\/wp-content\/uploads\/sites\/10\/2015\/12\/5.-\u00cen-2015-2-echipe-formate-din-reprezentan\u021bi-DB-Schenker-\u0219i-utilizatori-de-scaune-rulante-au-\u00eenotat-la-Swimathon-pentru-transporrrr-860x573.jpg 860w, https:\/\/motivation.ro\/en\/wp-content\/uploads\/sites\/10\/2015\/12\/5.-\u00cen-2015-2-echipe-formate-din-reprezentan\u021bi-DB-Schenker-\u0219i-utilizatori-de-scaune-rulante-au-\u00eenotat-la-Swimathon-pentru-transporrrr-1160x773.jpg 1160w\" sizes=\"(max-width: 228px) 100vw, 228px\" \/><\/a>Swimming<\/strong>. Although they only use the force of their arms to swim on the swimming lanes, our athletes have participated over time at 24 Hours of Swimming Marathon in Bra\u015fov and have made a tradition of organizing the Motivation &#8211; Vodafone, which includes mixed teams of people with locomotors disabilities, Vodafone volunteers and young people with intellectual disabilities.<\/p>\n<p>&nbsp;<\/p>\n<p>&nbsp;<\/p>\n<p>&nbsp;<\/p>\n<p><a href=\"http:\/\/motivation.ro\/en\/wp-content\/uploads\/sites\/10\/2015\/12\/13323446_1098889613486440_7940725049413132406_o.jpg\"><img loading=\"lazy\" decoding=\"async\" class=\" wp-image-2880 alignleft\" src=\"http:\/\/motivation.ro\/en\/wp-content\/uploads\/sites\/10\/2015\/12\/13323446_1098889613486440_7940725049413132406_o-300x200.jpg\" alt=\"\" width=\"228\" height=\"152\" srcset=\"https:\/\/motivation.ro\/en\/wp-content\/uploads\/sites\/10\/2015\/12\/13323446_1098889613486440_7940725049413132406_o-300x200.jpg 300w, https:\/\/motivation.ro\/en\/wp-content\/uploads\/sites\/10\/2015\/12\/13323446_1098889613486440_7940725049413132406_o-768x512.jpg 768w, https:\/\/motivation.ro\/en\/wp-content\/uploads\/sites\/10\/2015\/12\/13323446_1098889613486440_7940725049413132406_o-1024x683.jpg 1024w, https:\/\/motivation.ro\/en\/wp-content\/uploads\/sites\/10\/2015\/12\/13323446_1098889613486440_7940725049413132406_o-580x387.jpg 580w, https:\/\/motivation.ro\/en\/wp-content\/uploads\/sites\/10\/2015\/12\/13323446_1098889613486440_7940725049413132406_o-860x573.jpg 860w, https:\/\/motivation.ro\/en\/wp-content\/uploads\/sites\/10\/2015\/12\/13323446_1098889613486440_7940725049413132406_o-1160x773.jpg 1160w, https:\/\/motivation.ro\/en\/wp-content\/uploads\/sites\/10\/2015\/12\/13323446_1098889613486440_7940725049413132406_o.jpg 2048w\" sizes=\"(max-width: 228px) 100vw, 228px\" \/><\/a>Athletic Motivation sportsmen are practicing also <strong>archery, athletics, weight loss, table tennis and bocce<\/strong>, disciplines in which we also initiate other wheelchair users during our active recovery programs.<\/p>\n<p>&nbsp;<\/p>\n<p>&nbsp;<\/p>\n<p>&nbsp;<\/p>\n<p>From Sport History to Motivation:<\/p>\n<ul>\n<li>In 2007, the team <strong>Exceeds your limits<\/strong>, consisting of athletes with physical disabilities, athletes with intellectual disabilities and professional gymnasts from Art Gym Performance, trained by Mariana Mezei, showed that sport has no limits. So are the other talented athletes of Motivation.<\/li>\n<li><a href=\"http:\/\/www.youtube.com\/watch?v=UUkFC--sFeo\">Dansez pentru tine! \u2013 PRO TV<\/a><\/li>\n<li><a href=\"http:\/\/www.youtube.com\/watch?v=51gOhfPWCSg\">Sporturi in scaun rulant<\/a><\/li>\n<li><a href=\"http:\/\/www.youtube.com\/watch?v=S2Caz-XmCAM\">Campioni prin grija noastra<\/a><\/li>\n<li><a href=\"http:\/\/www.youtube.com\/watch?v=XjVCg6BX8aQ&amp;feature=related\">Victorie pe terenul de tenis \u2013 Jurnal TVR 1<\/a><\/li>\n<\/ul>\n","protected":false},"excerpt":{"rendered":"<p>Wheelchair sports events are a celebration of mobility, performance and fair play in all their forms. We organize sporting events and participate in competitions to demonstrate the skills of people with disabilities. Athlete wheelchair users practice basketball, field tennis, athletics, archery and swimming. Basketball in a wheelchair. Motivation team in wheelchair is a member of&#8230;<\/p>\n","protected":false},"author":1,"featured_media":0,"parent":65,"menu_order":0,"comment_status":"closed","ping_status":"closed","template":"","meta":{"footnotes":""},"class_list":["post-67","page","type-page","status-publish","hentry"],"yoast_head":"<!-- This site is optimized with the Yoast SEO plugin v27.1.1 - https:\/\/yoast.com\/product\/yoast-seo-wordpress\/ -->\n<title>Adapted sport - Motivation Romania NGO<\/title>\n<meta name=\"robots\" content=\"index, follow, max-snippet:-1, max-image-preview:large, max-video-preview:-1\" \/>\n<link rel=\"canonical\" href=\"https:\/\/motivation.ro\/en\/programmes\/active-rehabilitation-independent-living\/adapted-sport\/\" \/>\n<meta property=\"og:locale\" content=\"en_US\" \/>\n<meta property=\"og:type\" content=\"article\" \/>\n<meta property=\"og:title\" content=\"Adapted sport - Motivation Romania NGO\" \/>\n<meta property=\"og:description\" content=\"Wheelchair sports events are a celebration of mobility, performance and fair play in all their forms. We organize sporting events and participate in competitions to demonstrate the skills of people with disabilities. Athlete wheelchair users practice basketball, field tennis, athletics, archery and swimming. Basketball in a wheelchair. Motivation team in wheelchair is a member of...\" \/>\n<meta property=\"og:url\" content=\"https:\/\/motivation.ro\/en\/programmes\/active-rehabilitation-independent-living\/adapted-sport\/\" \/>\n<meta property=\"og:site_name\" content=\"Motivation Romania NGO\" \/>\n<meta property=\"article:publisher\" content=\"https:\/\/www.facebook.com\/FundatiaMotivationRomania\" \/>\n<meta property=\"article:modified_time\" content=\"2017-09-13T11:31:17+00:00\" \/>\n<meta property=\"og:image\" content=\"http:\/\/motivation.ro\/en\/wp-content\/uploads\/sites\/10\/2015\/12\/aprilie2015_baschet_scaun_rulant_fotoSorinPetculescu2rrrrr-300x200.jpg\" \/>\n<meta name=\"twitter:card\" content=\"summary_large_image\" \/>\n<meta name=\"twitter:label1\" content=\"Est. reading time\" \/>\n\t<meta name=\"twitter:data1\" content=\"2 minutes\" \/>\n<script type=\"application\/ld+json\" class=\"yoast-schema-graph\">{\"@context\":\"https:\/\/schema.org\",\"@graph\":[{\"@type\":\"WebPage\",\"@id\":\"https:\/\/motivation.ro\/en\/programmes\/active-rehabilitation-independent-living\/adapted-sport\/\",\"url\":\"https:\/\/motivation.ro\/en\/programmes\/active-rehabilitation-independent-living\/adapted-sport\/\",\"name\":\"Adapted sport - Motivation Romania NGO\",\"isPartOf\":{\"@id\":\"https:\/\/motivation.ro\/en\/#website\"},\"primaryImageOfPage\":{\"@id\":\"https:\/\/motivation.ro\/en\/programmes\/active-rehabilitation-independent-living\/adapted-sport\/#primaryimage\"},\"image\":{\"@id\":\"https:\/\/motivation.ro\/en\/programmes\/active-rehabilitation-independent-living\/adapted-sport\/#primaryimage\"},\"thumbnailUrl\":\"http:\/\/motivation.ro\/en\/wp-content\/uploads\/sites\/10\/2015\/12\/aprilie2015_baschet_scaun_rulant_fotoSorinPetculescu2rrrrr-300x200.jpg\",\"datePublished\":\"2015-12-09T09:44:59+00:00\",\"dateModified\":\"2017-09-13T11:31:17+00:00\",\"breadcrumb\":{\"@id\":\"https:\/\/motivation.ro\/en\/programmes\/active-rehabilitation-independent-living\/adapted-sport\/#breadcrumb\"},\"inLanguage\":\"en-US\",\"potentialAction\":[{\"@type\":\"ReadAction\",\"target\":[\"https:\/\/motivation.ro\/en\/programmes\/active-rehabilitation-independent-living\/adapted-sport\/\"]}]},{\"@type\":\"ImageObject\",\"inLanguage\":\"en-US\",\"@id\":\"https:\/\/motivation.ro\/en\/programmes\/active-rehabilitation-independent-living\/adapted-sport\/#primaryimage\",\"url\":\"http:\/\/motivation.ro\/en\/wp-content\/uploads\/sites\/10\/2015\/12\/aprilie2015_baschet_scaun_rulant_fotoSorinPetculescu2rrrrr-300x200.jpg\",\"contentUrl\":\"http:\/\/motivation.ro\/en\/wp-content\/uploads\/sites\/10\/2015\/12\/aprilie2015_baschet_scaun_rulant_fotoSorinPetculescu2rrrrr-300x200.jpg\"},{\"@type\":\"BreadcrumbList\",\"@id\":\"https:\/\/motivation.ro\/en\/programmes\/active-rehabilitation-independent-living\/adapted-sport\/#breadcrumb\",\"itemListElement\":[{\"@type\":\"ListItem\",\"position\":1,\"name\":\"Home\",\"item\":\"https:\/\/motivation.ro\/en\/\"},{\"@type\":\"ListItem\",\"position\":2,\"name\":\"Programmes\",\"item\":\"https:\/\/motivation.ro\/en\/programmes\/\"},{\"@type\":\"ListItem\",\"position\":3,\"name\":\"Active Rehabilitation and Independent Living Training\",\"item\":\"https:\/\/motivation.ro\/en\/programmes\/active-rehabilitation-independent-living\/\"},{\"@type\":\"ListItem\",\"position\":4,\"name\":\"Adapted sport\"}]},{\"@type\":\"WebSite\",\"@id\":\"https:\/\/motivation.ro\/en\/#website\",\"url\":\"https:\/\/motivation.ro\/en\/\",\"name\":\"Motivation Romania NGO\",\"description\":\"FMR\",\"publisher\":{\"@id\":\"https:\/\/motivation.ro\/en\/#organization\"},\"potentialAction\":[{\"@type\":\"SearchAction\",\"target\":{\"@type\":\"EntryPoint\",\"urlTemplate\":\"https:\/\/motivation.ro\/en\/?s={search_term_string}\"},\"query-input\":{\"@type\":\"PropertyValueSpecification\",\"valueRequired\":true,\"valueName\":\"search_term_string\"}}],\"inLanguage\":\"en-US\"},{\"@type\":\"Organization\",\"@id\":\"https:\/\/motivation.ro\/en\/#organization\",\"name\":\"Fundatia Motivation Romania\",\"url\":\"https:\/\/motivation.ro\/en\/\",\"logo\":{\"@type\":\"ImageObject\",\"inLanguage\":\"en-US\",\"@id\":\"https:\/\/motivation.ro\/en\/#\/schema\/logo\/image\/\",\"url\":\"https:\/\/motivation.ro\/en\/wp-content\/uploads\/sites\/10\/2015\/12\/logo_mot_shadow.png\",\"contentUrl\":\"https:\/\/motivation.ro\/en\/wp-content\/uploads\/sites\/10\/2015\/12\/logo_mot_shadow.png\",\"width\":350,\"height\":84,\"caption\":\"Fundatia Motivation Romania\"},\"image\":{\"@id\":\"https:\/\/motivation.ro\/en\/#\/schema\/logo\/image\/\"},\"sameAs\":[\"https:\/\/www.facebook.com\/FundatiaMotivationRomania\"]}]}<\/script>\n<!-- \/ Yoast SEO plugin. -->","yoast_head_json":{"title":"Adapted sport - Motivation Romania NGO","robots":{"index":"index","follow":"follow","max-snippet":"max-snippet:-1","max-image-preview":"max-image-preview:large","max-video-preview":"max-video-preview:-1"},"canonical":"https:\/\/motivation.ro\/en\/programmes\/active-rehabilitation-independent-living\/adapted-sport\/","og_locale":"en_US","og_type":"article","og_title":"Adapted sport - Motivation Romania NGO","og_description":"Wheelchair sports events are a celebration of mobility, performance and fair play in all their forms. We organize sporting events and participate in competitions to demonstrate the skills of people with disabilities. Athlete wheelchair users practice basketball, field tennis, athletics, archery and swimming. Basketball in a wheelchair. Motivation team in wheelchair is a member of...","og_url":"https:\/\/motivation.ro\/en\/programmes\/active-rehabilitation-independent-living\/adapted-sport\/","og_site_name":"Motivation Romania NGO","article_publisher":"https:\/\/www.facebook.com\/FundatiaMotivationRomania","article_modified_time":"2017-09-13T11:31:17+00:00","og_image":[{"url":"http:\/\/motivation.ro\/en\/wp-content\/uploads\/sites\/10\/2015\/12\/aprilie2015_baschet_scaun_rulant_fotoSorinPetculescu2rrrrr-300x200.jpg","type":"","width":"","height":""}],"twitter_card":"summary_large_image","twitter_misc":{"Est. reading time":"2 minutes"},"schema":{"@context":"https:\/\/schema.org","@graph":[{"@type":"WebPage","@id":"https:\/\/motivation.ro\/en\/programmes\/active-rehabilitation-independent-living\/adapted-sport\/","url":"https:\/\/motivation.ro\/en\/programmes\/active-rehabilitation-independent-living\/adapted-sport\/","name":"Adapted sport - Motivation Romania NGO","isPartOf":{"@id":"https:\/\/motivation.ro\/en\/#website"},"primaryImageOfPage":{"@id":"https:\/\/motivation.ro\/en\/programmes\/active-rehabilitation-independent-living\/adapted-sport\/#primaryimage"},"image":{"@id":"https:\/\/motivation.ro\/en\/programmes\/active-rehabilitation-independent-living\/adapted-sport\/#primaryimage"},"thumbnailUrl":"http:\/\/motivation.ro\/en\/wp-content\/uploads\/sites\/10\/2015\/12\/aprilie2015_baschet_scaun_rulant_fotoSorinPetculescu2rrrrr-300x200.jpg","datePublished":"2015-12-09T09:44:59+00:00","dateModified":"2017-09-13T11:31:17+00:00","breadcrumb":{"@id":"https:\/\/motivation.ro\/en\/programmes\/active-rehabilitation-independent-living\/adapted-sport\/#breadcrumb"},"inLanguage":"en-US","potentialAction":[{"@type":"ReadAction","target":["https:\/\/motivation.ro\/en\/programmes\/active-rehabilitation-independent-living\/adapted-sport\/"]}]},{"@type":"ImageObject","inLanguage":"en-US","@id":"https:\/\/motivation.ro\/en\/programmes\/active-rehabilitation-independent-living\/adapted-sport\/#primaryimage","url":"http:\/\/motivation.ro\/en\/wp-content\/uploads\/sites\/10\/2015\/12\/aprilie2015_baschet_scaun_rulant_fotoSorinPetculescu2rrrrr-300x200.jpg","contentUrl":"http:\/\/motivation.ro\/en\/wp-content\/uploads\/sites\/10\/2015\/12\/aprilie2015_baschet_scaun_rulant_fotoSorinPetculescu2rrrrr-300x200.jpg"},{"@type":"BreadcrumbList","@id":"https:\/\/motivation.ro\/en\/programmes\/active-rehabilitation-independent-living\/adapted-sport\/#breadcrumb","itemListElement":[{"@type":"ListItem","position":1,"name":"Home","item":"https:\/\/motivation.ro\/en\/"},{"@type":"ListItem","position":2,"name":"Programmes","item":"https:\/\/motivation.ro\/en\/programmes\/"},{"@type":"ListItem","position":3,"name":"Active Rehabilitation and Independent Living Training","item":"https:\/\/motivation.ro\/en\/programmes\/active-rehabilitation-independent-living\/"},{"@type":"ListItem","position":4,"name":"Adapted sport"}]},{"@type":"WebSite","@id":"https:\/\/motivation.ro\/en\/#website","url":"https:\/\/motivation.ro\/en\/","name":"Motivation Romania NGO","description":"FMR","publisher":{"@id":"https:\/\/motivation.ro\/en\/#organization"},"potentialAction":[{"@type":"SearchAction","target":{"@type":"EntryPoint","urlTemplate":"https:\/\/motivation.ro\/en\/?s={search_term_string}"},"query-input":{"@type":"PropertyValueSpecification","valueRequired":true,"valueName":"search_term_string"}}],"inLanguage":"en-US"},{"@type":"Organization","@id":"https:\/\/motivation.ro\/en\/#organization","name":"Fundatia Motivation Romania","url":"https:\/\/motivation.ro\/en\/","logo":{"@type":"ImageObject","inLanguage":"en-US","@id":"https:\/\/motivation.ro\/en\/#\/schema\/logo\/image\/","url":"https:\/\/motivation.ro\/en\/wp-content\/uploads\/sites\/10\/2015\/12\/logo_mot_shadow.png","contentUrl":"https:\/\/motivation.ro\/en\/wp-content\/uploads\/sites\/10\/2015\/12\/logo_mot_shadow.png","width":350,"height":84,"caption":"Fundatia Motivation Romania"},"image":{"@id":"https:\/\/motivation.ro\/en\/#\/schema\/logo\/image\/"},"sameAs":["https:\/\/www.facebook.com\/FundatiaMotivationRomania"]}]}},"_links":{"self":[{"href":"https:\/\/motivation.ro\/en\/wp-json\/wp\/v2\/pages\/67","targetHints":{"allow":["GET"]}}],"collection":[{"href":"https:\/\/motivation.ro\/en\/wp-json\/wp\/v2\/pages"}],"about":[{"href":"https:\/\/motivation.ro\/en\/wp-json\/wp\/v2\/types\/page"}],"author":[{"embeddable":true,"href":"https:\/\/motivation.ro\/en\/wp-json\/wp\/v2\/users\/1"}],"replies":[{"embeddable":true,"href":"https:\/\/motivation.ro\/en\/wp-json\/wp\/v2\/comments?post=67"}],"version-history":[{"count":7,"href":"https:\/\/motivation.ro\/en\/wp-json\/wp\/v2\/pages\/67\/revisions"}],"predecessor-version":[{"id":2882,"href":"https:\/\/motivation.ro\/en\/wp-json\/wp\/v2\/pages\/67\/revisions\/2882"}],"up":[{"embeddable":true,"href":"https:\/\/motivation.ro\/en\/wp-json\/wp\/v2\/pages\/65"}],"wp:attachment":[{"href":"https:\/\/motivation.ro\/en\/wp-json\/wp\/v2\/media?parent=67"}],"curies":[{"name":"wp","href":"https:\/\/api.w.org\/{rel}","templated":true}]}}